{"id":9425,"date":"2021-09-19T15:58:07","date_gmt":"2021-09-19T13:58:07","guid":{"rendered":"https:\/\/apnu.be\/?page_id=9425"},"modified":"2021-09-19T16:01:43","modified_gmt":"2021-09-19T14:01:43","slug":"documentation","status":"publish","type":"page","link":"https:\/\/apnu.be\/index.php\/actualite\/documentation\/","title":{"rendered":"Documentation"},"content":{"rendered":"<div class=\"wpb-content-wrapper\"><p>[vc_row][vc_column][vc_empty_space height=\u00a0\u00bb70px\u00a0\u00bb][vc_row_inner][vc_column_inner][vc_column_text][\/vc_column_text][\/vc_column_inner][\/vc_row_inner][vc_column_text]<\/p>\n<h3 style=\"font-weight: 400;\"><span style=\"color: #7fa2d6;\"><strong>Liens vers diverses sources d\u2019information sur les Nations Unies\u00a0<\/strong><\/span><\/h3>\n<ul style=\"font-weight: 400;\">\n<li><a href=\"https:\/\/www.un.org\/fr\/about-us\" target=\"_blank\" rel=\"noopener\">\u00c0 propos de l\u2019ONU<\/a><\/li>\n<li><a href=\"https:\/\/unric.org\/fr\/ressources\/lonu-en-bref\/le-systeme-des-nations-unies\/\" target=\"_blank\" rel=\"noopener\">Les organes principaux des Nations Unies<\/a><\/li>\n<li><a href=\"https:\/\/www.un.org\/fr\/about-us\/un-charter\" target=\"_blank\" rel=\"noopener\">Charte des Nations Unies<\/a><\/li>\n<li><a href=\"https:\/\/unric.org\/fr\/ressources\/lonu-en-bref\/limpact-de-lonu\/\" target=\"_blank\" rel=\"noopener\">L\u2019impact des Nations Unies<\/a><\/li>\n<li><a href=\"https:\/\/www.un.org\/fr\/our-work\" target=\"_blank\" rel=\"noopener\">Les actions des Nations Unies<\/a><\/li>\n<li><a href=\"https:\/\/www.un.org\/sustainabledevelopment\/fr\/objectifs-de-developpement-durable\/\" target=\"_blank\" rel=\"noopener\">Les Objectifs de d\u00e9veloppement durable (ODD)\u00a0<\/a><\/li>\n<li><a href=\"https:\/\/www.un.org\/fr\/our-work\/protect-human-rights\" target=\"_blank\" rel=\"noopener\">Prot\u00e9ger les droits de l\u2019Homme<\/a><\/li>\n<li><a href=\"https:\/\/www.un.org\/fr\/our-work\/documents\" target=\"_blank\" rel=\"noopener\">Documentation g\u00e9n\u00e9rale mise \u00e0 disposition<\/a><\/li>\n<li><a href=\"https:\/\/www.securitycouncilreport.org\/atf\/cf\/%7B65BFCF9B-6D27-4E9C-8CD3-CF6E4FF96FF9%7D\/the-un-security-council-handbook-by-scr-1.pdf?utm_medium=email&amp;utm_campaign=21%20June%20Campaign%202&amp;utm_content=21%20June%20Campaign%202+CID_80a8a5604b5fb9a4279691d1c888fcf2&amp;utm_source=Email%20Newsletter&amp;utm_term=The%20UN%20Security%20Council%20Handbook%20A%20Users%20Guide%20to%20Practice%20and%20Procedure\" target=\"_blank\" rel=\"noopener\">Guide pratique sur le fonctionnement du Conseil de s\u00e9curit\u00e9 (anglais)<\/a><\/li>\n<li><a href=\"https:\/\/unric.org\/fr\/covid-19-info-ou-intox\/\" target=\"_blank\" rel=\"noopener\">Info &#8211; Intox Covid-19 (UNRIC)<\/a><\/li>\n<li><a href=\"https:\/\/unric.org\/fr\/emploi-et-stage\/les-visages-de-lonu\/\" target=\"_blank\" rel=\"noopener\">Visages de l\u2019ONU (UNRIC)<\/a><\/li>\n<\/ul>\n<h3 style=\"font-weight: 400;\"><strong><span style=\"color: #7fa2d6;\">En Belgique<\/span>\u00a0<\/strong><\/h3>\n<ul style=\"font-weight: 400;\">\n<li><a href=\"https:\/\/www.annoncerlacouleur.be\/\" target=\"_blank\" rel=\"noopener\">Programme f\u00e9d\u00e9ral d\u2019Education \u00e0 la Citoyennet\u00e9 Mondiales et aux ODD<\/a><\/li>\n<li><a href=\"https:\/\/unric.org\/fr\/developpement-durable\/les-odd-en-belgique-et-au-luxembourg\/\" target=\"_blank\" rel=\"noopener\">Les ODD en Belgique<\/a><\/li>\n<li><a href=\"https:\/\/diplomatie.belgium.be\/fr\/newsroom\/nouvelles\/2019\/la_belgique_au_conseil_de_securite_onu\" target=\"_blank\" rel=\"noopener\">La Belgique au Conseil de S\u00e9curit\u00e9 de l\u2019ONU<\/a><\/li>\n<li><a href=\"https:\/\/unric.org\/fr\/emploi-et-stage\/carrieres\/\" target=\"_blank\" rel=\"noopener\">Emplois et stages (Bruxelles)<\/a><\/li>\n<\/ul>\n<p>[\/vc_column_text][vc_empty_space height=\u00a0\u00bb60px\u00a0\u00bb][\/vc_column][vc_column][\/vc_column][\/vc_row][vc_section][\/vc_section][vc_section][\/vc_section][vc_row][vc_column][\/vc_column][\/vc_row]<\/p>\n<\/div>","protected":false},"excerpt":{"rendered":"<p>[vc_row][vc_column][vc_empty_space height=\u00a0\u00bb70px\u00a0\u00bb][vc_row_inner][vc_column_inner][vc_column_text][\/vc_column_text][\/vc_column_inner][\/vc_row_inner][vc_column_text] Liens vers diverses sources d\u2019information sur les Nations Unies\u00a0 \u00c0 propos de l\u2019ONU&#8230;<\/p>\n","protected":false},"author":1,"featured_media":0,"parent":9361,"menu_order":0,"comment_status":"closed","ping_status":"closed","template":"","meta":{"footnotes":""},"class_list":["post-9425","page","type-page","status-publish","hentry"],"yoast_head":"<!-- This site is optimized with the Yoast SEO plugin v27.3 - https:\/\/yoast.com\/product\/yoast-seo-wordpress\/ -->\n<title>Documentation - APNU<\/title>\n<meta name=\"robots\" content=\"index, follow, max-snippet:-1, max-image-preview:large, max-video-preview:-1\" \/>\n<link rel=\"canonical\" href=\"https:\/\/apnu.be\/index.php\/actualite\/documentation\/\" \/>\n<meta property=\"og:locale\" content=\"fr_FR\" \/>\n<meta property=\"og:type\" content=\"article\" \/>\n<meta property=\"og:title\" content=\"Documentation - APNU\" \/>\n<meta property=\"og:description\" content=\"[vc_row][vc_column][vc_empty_space height=\u00a0\u00bb70px\u00a0\u00bb][vc_row_inner][vc_column_inner][vc_column_text][\/vc_column_text][\/vc_column_inner][\/vc_row_inner][vc_column_text] Liens vers diverses sources d\u2019information sur les Nations Unies\u00a0 \u00c0 propos de l\u2019ONU...\" \/>\n<meta property=\"og:url\" content=\"https:\/\/apnu.be\/index.php\/actualite\/documentation\/\" \/>\n<meta property=\"og:site_name\" content=\"APNU\" \/>\n<meta property=\"article:modified_time\" content=\"2021-09-19T14:01:43+00:00\" \/>\n<meta name=\"twitter:card\" content=\"summary_large_image\" \/>\n<meta name=\"twitter:label1\" content=\"Dur\u00e9e de lecture estim\u00e9e\" \/>\n\t<meta name=\"twitter:data1\" content=\"1 minute\" \/>\n<script type=\"application\/ld+json\" class=\"yoast-schema-graph\">{\"@context\":\"https:\\\/\\\/schema.org\",\"@graph\":[{\"@type\":\"WebPage\",\"@id\":\"https:\\\/\\\/apnu.be\\\/index.php\\\/actualite\\\/documentation\\\/\",\"url\":\"https:\\\/\\\/apnu.be\\\/index.php\\\/actualite\\\/documentation\\\/\",\"name\":\"Documentation - APNU\",\"isPartOf\":{\"@id\":\"https:\\\/\\\/apnu.be\\\/#website\"},\"datePublished\":\"2021-09-19T13:58:07+00:00\",\"dateModified\":\"2021-09-19T14:01:43+00:00\",\"breadcrumb\":{\"@id\":\"https:\\\/\\\/apnu.be\\\/index.php\\\/actualite\\\/documentation\\\/#breadcrumb\"},\"inLanguage\":\"fr-FR\",\"potentialAction\":[{\"@type\":\"ReadAction\",\"target\":[\"https:\\\/\\\/apnu.be\\\/index.php\\\/actualite\\\/documentation\\\/\"]}]},{\"@type\":\"BreadcrumbList\",\"@id\":\"https:\\\/\\\/apnu.be\\\/index.php\\\/actualite\\\/documentation\\\/#breadcrumb\",\"itemListElement\":[{\"@type\":\"ListItem\",\"position\":1,\"name\":\"Accueil\",\"item\":\"https:\\\/\\\/apnu.be\\\/\"},{\"@type\":\"ListItem\",\"position\":2,\"name\":\"Publications\",\"item\":\"https:\\\/\\\/apnu.be\\\/index.php\\\/actualite\\\/\"},{\"@type\":\"ListItem\",\"position\":3,\"name\":\"Documentation\"}]},{\"@type\":\"WebSite\",\"@id\":\"https:\\\/\\\/apnu.be\\\/#website\",\"url\":\"https:\\\/\\\/apnu.be\\\/\",\"name\":\"APNU\",\"description\":\"L\u2019Association pour les Nations Unies (A.P.N.U.). Association sans but lucratif (A.S.B.L.)\",\"potentialAction\":[{\"@type\":\"SearchAction\",\"target\":{\"@type\":\"EntryPoint\",\"urlTemplate\":\"https:\\\/\\\/apnu.be\\\/?s={search_term_string}\"},\"query-input\":{\"@type\":\"PropertyValueSpecification\",\"valueRequired\":true,\"valueName\":\"search_term_string\"}}],\"inLanguage\":\"fr-FR\"}]}<\/script>\n<!-- \/ Yoast SEO plugin. -->","yoast_head_json":{"title":"Documentation - APNU","robots":{"index":"index","follow":"follow","max-snippet":"max-snippet:-1","max-image-preview":"max-image-preview:large","max-video-preview":"max-video-preview:-1"},"canonical":"https:\/\/apnu.be\/index.php\/actualite\/documentation\/","og_locale":"fr_FR","og_type":"article","og_title":"Documentation - APNU","og_description":"[vc_row][vc_column][vc_empty_space height=\u00a0\u00bb70px\u00a0\u00bb][vc_row_inner][vc_column_inner][vc_column_text][\/vc_column_text][\/vc_column_inner][\/vc_row_inner][vc_column_text] Liens vers diverses sources d\u2019information sur les Nations Unies\u00a0 \u00c0 propos de l\u2019ONU...","og_url":"https:\/\/apnu.be\/index.php\/actualite\/documentation\/","og_site_name":"APNU","article_modified_time":"2021-09-19T14:01:43+00:00","twitter_card":"summary_large_image","twitter_misc":{"Dur\u00e9e de lecture estim\u00e9e":"1 minute"},"schema":{"@context":"https:\/\/schema.org","@graph":[{"@type":"WebPage","@id":"https:\/\/apnu.be\/index.php\/actualite\/documentation\/","url":"https:\/\/apnu.be\/index.php\/actualite\/documentation\/","name":"Documentation - APNU","isPartOf":{"@id":"https:\/\/apnu.be\/#website"},"datePublished":"2021-09-19T13:58:07+00:00","dateModified":"2021-09-19T14:01:43+00:00","breadcrumb":{"@id":"https:\/\/apnu.be\/index.php\/actualite\/documentation\/#breadcrumb"},"inLanguage":"fr-FR","potentialAction":[{"@type":"ReadAction","target":["https:\/\/apnu.be\/index.php\/actualite\/documentation\/"]}]},{"@type":"BreadcrumbList","@id":"https:\/\/apnu.be\/index.php\/actualite\/documentation\/#breadcrumb","itemListElement":[{"@type":"ListItem","position":1,"name":"Accueil","item":"https:\/\/apnu.be\/"},{"@type":"ListItem","position":2,"name":"Publications","item":"https:\/\/apnu.be\/index.php\/actualite\/"},{"@type":"ListItem","position":3,"name":"Documentation"}]},{"@type":"WebSite","@id":"https:\/\/apnu.be\/#website","url":"https:\/\/apnu.be\/","name":"APNU","description":"L\u2019Association pour les Nations Unies (A.P.N.U.). Association sans but lucratif (A.S.B.L.)","potentialAction":[{"@type":"SearchAction","target":{"@type":"EntryPoint","urlTemplate":"https:\/\/apnu.be\/?s={search_term_string}"},"query-input":{"@type":"PropertyValueSpecification","valueRequired":true,"valueName":"search_term_string"}}],"inLanguage":"fr-FR"}]}},"jetpack_sharing_enabled":true,"_links":{"self":[{"href":"https:\/\/apnu.be\/index.php\/wp-json\/wp\/v2\/pages\/9425","targetHints":{"allow":["GET"]}}],"collection":[{"href":"https:\/\/apnu.be\/index.php\/wp-json\/wp\/v2\/pages"}],"about":[{"href":"https:\/\/apnu.be\/index.php\/wp-json\/wp\/v2\/types\/page"}],"author":[{"embeddable":true,"href":"https:\/\/apnu.be\/index.php\/wp-json\/wp\/v2\/users\/1"}],"replies":[{"embeddable":true,"href":"https:\/\/apnu.be\/index.php\/wp-json\/wp\/v2\/comments?post=9425"}],"version-history":[{"count":2,"href":"https:\/\/apnu.be\/index.php\/wp-json\/wp\/v2\/pages\/9425\/revisions"}],"predecessor-version":[{"id":9429,"href":"https:\/\/apnu.be\/index.php\/wp-json\/wp\/v2\/pages\/9425\/revisions\/9429"}],"up":[{"embeddable":true,"href":"https:\/\/apnu.be\/index.php\/wp-json\/wp\/v2\/pages\/9361"}],"wp:attachment":[{"href":"https:\/\/apnu.be\/index.php\/wp-json\/wp\/v2\/media?parent=9425"}],"curies":[{"name":"wp","href":"https:\/\/api.w.org\/{rel}","templated":true}]}}