{"id":8622,"date":"2020-04-11T03:05:23","date_gmt":"2020-04-11T01:05:23","guid":{"rendered":"http:\/\/apnu.be\/?page_id=8622"},"modified":"2026-03-27T12:17:53","modified_gmt":"2026-03-27T11:17:53","slug":"activites-apnu-jeunes","status":"publish","type":"page","link":"https:\/\/apnu.be\/index.php\/apnu-jeunes\/activites-apnu-jeunes\/","title":{"rendered":"Activit\u00e9s APNU Jeunes"},"content":{"rendered":"<div class=\"wpb-content-wrapper\"><p>[vc_row][vc_column]<style>.ld_spacer_69f279fc67a87{height:32px;}<\/style>\n<div class=\"ld-empty-space ld_spacer_69f279fc67a87\"><span class=\"liquid_empty_space_inner\"><\/span><\/div><style>.ld_fancy_heading_69f279fc67ca4 h2{color:rgb(163, 172, 186);}.ld_fancy_heading_69f279fc67ca4 .lqd-highlight-inner{height:0.275em;bottom:0px;}<\/style><div class=\"ld-fancy-heading text-center ld_fancy_heading_69f279fc67ca4\">\n\t<h2 class=\"lqd-highlight-underline lqd-highlight-grow-left\" ><span class=\"ld-fh-txt\"> D\u00e9couvrez toutes nos activit\u00e9s et n&rsquo;h\u00e9sitez pas \u00e0 nous y rejoindre!<\/span><\/h2><\/div>[vc_separator][\/vc_column][\/vc_row][vc_row][vc_column][vc_tta_accordion color=\u00a0\u00bbsky\u00a0\u00bb spacing=\u00a0\u00bb1&Prime; gap=\u00a0\u00bb2&Prime; c_icon=\u00a0\u00bbchevron\u00a0\u00bb active_section=\u00a0\u00bb1&Prime; collapsible_all=\u00a0\u00bbtrue\u00a0\u00bb][vc_tta_section title=\u00a0\u00bbVISITES APNU JEUNES 2025-2026&Prime; tab_id=\u00a0\u00bb1768680842765-fa6e0307-d787&Prime;][vc_row_inner][vc_column_inner width=\u00a0\u00bb1\/3&Prime;][vc_column_text css=\u00a0\u00bb\u00a0\u00bb]<\/p>\n<h4>&nbsp; &nbsp; &nbsp; &nbsp;Ambassade du Br\u00e9sil<\/h4>\n<p>[\/vc_column_text][vc_images_carousel images=\u00a0\u00bb10809,10806,10808,10807&Prime; img_size=\u00a0\u00bbmedium\u00a0\u00bb css=\u00a0\u00bb\u00a0\u00bb][\/vc_column_inner][vc_column_inner width=\u00a0\u00bb1\/3&Prime;][vc_column_text css=\u00a0\u00bb\u00a0\u00bb]<\/p>\n<h4>&nbsp; &nbsp; &nbsp; &nbsp;Ambassade du Japon<\/h4>\n<p>[\/vc_column_text][vc_images_carousel images=\u00a0\u00bb10812,10810,10811&Prime; img_size=\u00a0\u00bbmedium\u00a0\u00bb css=\u00a0\u00bb\u00a0\u00bb][\/vc_column_inner][vc_column_inner width=\u00a0\u00bb1\/3&Prime;][vc_column_text css=\u00a0\u00bb\u00a0\u00bb]<\/p>\n<h4>&nbsp; &nbsp; &nbsp; Ambassade du Canada<\/h4>\n<p>[\/vc_column_text][vc_images_carousel images=\u00a0\u00bb10857,10855&Prime; img_size=\u00a0\u00bbmedium\u00a0\u00bb css=\u00a0\u00bb\u00a0\u00bb][\/vc_column_inner][\/vc_row_inner][vc_row_inner][vc_column_inner width=\u00a0\u00bb1\/3&Prime;][vc_column_text css=\u00a0\u00bb\u00a0\u00bb]<\/p>\n<h4>&nbsp; &nbsp; &nbsp; &nbsp; &nbsp; &nbsp; &nbsp; UNRIC<\/h4>\n<p>[\/vc_column_text][vc_images_carousel images=\u00a0\u00bb10862,10861,10863,10860&Prime; img_size=\u00a0\u00bbmedium\u00a0\u00bb css=\u00a0\u00bb\u00a0\u00bb][\/vc_column_inner][vc_column_inner width=\u00a0\u00bb1\/3&Prime;][vc_column_text css=\u00a0\u00bb\u00a0\u00bb]<\/p>\n<h4>&nbsp; &nbsp; &nbsp;Parlementarium<\/h4>\n<p>[\/vc_column_text][vc_single_image image=\u00a0\u00bb10866&Prime; img_size=\u00a0\u00bbmedium\u00a0\u00bb css=\u00a0\u00bb\u00a0\u00bb][\/vc_column_inner][vc_column_inner width=\u00a0\u00bb1\/3&Prime;][\/vc_column_inner][\/vc_row_inner][\/vc_tta_section][vc_tta_section title=\u00a0\u00bbPODCASTS APNU JEUNES 2025-2026&Prime; tab_id=\u00a0\u00bb1608129606061-35438f9e-e863&Prime;][vc_column_text]<strong>Podcasts de l&rsquo;APNU Jeunes<\/strong><\/p>\n<p>Ecoutez les podcasts de l&rsquo;APNU Jeunes qui parlent de l&rsquo;ONU,\u00a0 de diplomatie, de relations internationales, de droits humains et de bien d&rsquo;autres choses en relation avec les Nations Unies, toujours avec\u00a0 humour et bonne humeur:[\/vc_column_text][vc_column_text]<strong>Podcasts de l&rsquo;APNU Jeunes<\/strong><\/p>\n<p>Ecoutez les podcasts de l&rsquo;APNU Jeunes qui parlent de l&rsquo;ONU,\u00a0 de diplomatie, de relations internationales, de droits humains et de bien d&rsquo;autres choses en relation avec les Nations Unies, toujours avec\u00a0 humour et bonne humeur:[\/vc_column_text][vc_single_image image=\u00a0\u00bb10619&Prime; img_size=\u00a0\u00bbmedium\u00a0\u00bb][vc_column_text]https:\/\/open.spotify.com\/episode\/2k5aFQcr0qj9a0dDM8oU1z?si=QQHI7uILTpejqpoXN7o2tw[\/vc_column_text][vc_single_image image=\u00a0\u00bb10738&Prime; img_size=\u00a0\u00bbmedium\u00a0\u00bb][vc_column_text]https:\/\/open.spotify.com\/episode\/6iNwE5pA6OEmeYYmjH8C6j?si=uZ33ZYuFQ5e3GWVL9FCEwg[\/vc_column_text][vc_single_image image=\u00a0\u00bb10800&Prime; img_size=\u00a0\u00bbmedium\u00a0\u00bb css=\u00a0\u00bb\u00a0\u00bb][vc_column_text css=\u00a0\u00bb\u00a0\u00bb]https:\/\/open.spotify.com\/episode\/66v9vDuOkEiEFgogkMndpw?si=Vb5qQubjRlucwI7PrPC9fQ[\/vc_column_text][\/vc_tta_section][vc_tta_section title=\u00a0\u00bbPROJETS APNU JEUNES 2025-2026&Prime; tab_id=\u00a0\u00bb1608129606024-c9e94aa8-6f6b\u00a0\u00bb][vc_row_inner][vc_column_inner width=\u00a0\u00bb1\/6&Prime;][vc_single_image image=\u00a0\u00bb10741&Prime;][\/vc_column_inner][vc_column_inner width=\u00a0\u00bb1\/6&Prime;][vc_single_image image=\u00a0\u00bb10620&Prime;][\/vc_column_inner][vc_column_inner width=\u00a0\u00bb1\/6&Prime;][vc_single_image image=\u00a0\u00bb10618&Prime;][\/vc_column_inner][vc_column_inner width=\u00a0\u00bb1\/6&Prime;][vc_images_carousel images=\u00a0\u00bb10798,10818,10819,10820&Prime; css=\u00a0\u00bb\u00a0\u00bb][\/vc_column_inner][vc_column_inner width=\u00a0\u00bb1\/6&Prime;][vc_images_carousel images=\u00a0\u00bb10797,10821,10823,10824,10822,10828,10827,10826,10825&Prime; css=\u00a0\u00bb\u00a0\u00bb][\/vc_column_inner][vc_column_inner width=\u00a0\u00bb1\/6&Prime;][\/vc_column_inner][\/vc_row_inner][vc_row_inner][vc_column_inner width=\u00a0\u00bb1\/3&Prime;][\/vc_column_inner][vc_column_inner width=\u00a0\u00bb1\/3&Prime;][\/vc_column_inner][vc_column_inner width=\u00a0\u00bb1\/3&Prime;][\/vc_column_inner][\/vc_row_inner][\/vc_tta_section][vc_tta_section title=\u00a0\u00bbPUBLICATIONS APNU JEUNES 2025-2026&Prime; tab_id=\u00a0\u00bb1762983735918-81939de4-da0f\u00a0\u00bb][vc_text_separator title=\u00a0\u00bbONU et ses Institutions\u00a0\u00bb][vc_row_inner][vc_column_inner width=\u00a0\u00bb1\/6&Prime;][vc_images_carousel images=\u00a0\u00bb10833,10834,10835,10836&Prime; css=\u00a0\u00bb\u00a0\u00bb][\/vc_column_inner][vc_column_inner width=\u00a0\u00bb1\/6&Prime;][\/vc_column_inner][vc_column_inner width=\u00a0\u00bb1\/6&Prime;][\/vc_column_inner][vc_column_inner width=\u00a0\u00bb1\/6&Prime;][\/vc_column_inner][vc_column_inner width=\u00a0\u00bb1\/6&Prime;][\/vc_column_inner][vc_column_inner width=\u00a0\u00bb1\/6&Prime;][\/vc_column_inner][\/vc_row_inner][vc_row_inner][vc_column_inner][\/vc_column_inner][vc_text_separator title=\u00a0\u00bbObjectifs de D\u00e9veloppement Durable\u00a0\u00bb css=\u00a0\u00bb\u00a0\u00bb][vc_row_inner][\/vc_row_inner][\/vc_row_inner][vc_row_inner][vc_column_inner width=\u00a0\u00bb1\/6&Prime;][vc_images_carousel images=\u00a0\u00bb10837,10838,10839,10840&Prime; css=\u00a0\u00bb\u00a0\u00bb][\/vc_column_inner][vc_column_inner width=\u00a0\u00bb1\/6&Prime;][vc_images_carousel images=\u00a0\u00bb10829,10830,10831,10832&Prime; css=\u00a0\u00bb\u00a0\u00bb][\/vc_column_inner][vc_column_inner width=\u00a0\u00bb1\/6&Prime;][\/vc_column_inner][vc_column_inner width=\u00a0\u00bb1\/6&Prime;][\/vc_column_inner][vc_column_inner width=\u00a0\u00bb1\/6&Prime;][\/vc_column_inner][vc_column_inner width=\u00a0\u00bb1\/6&Prime;][\/vc_column_inner][\/vc_row_inner][vc_text_separator title=\u00a0\u00bbUN News\u00a0\u00bb][vc_row_inner][vc_column_inner width=\u00a0\u00bb1\/6&Prime;][vc_gallery interval=\u00a0\u00bb3&Prime; images=\u00a0\u00bb10841,10842,10843,10844,10845&Prime; css=\u00a0\u00bb\u00a0\u00bb][\/vc_column_inner][vc_column_inner width=\u00a0\u00bb1\/6&Prime;][vc_images_carousel][\/vc_column_inner][vc_column_inner width=\u00a0\u00bb1\/6&Prime;][\/vc_column_inner][vc_column_inner width=\u00a0\u00bb1\/6&Prime;][\/vc_column_inner][vc_column_inner width=\u00a0\u00bb1\/6&Prime;][\/vc_column_inner][vc_column_inner width=\u00a0\u00bb1\/6&Prime;][\/vc_column_inner][\/vc_row_inner][vc_text_separator title=\u00a0\u00bbLe Savais-Tu ?\u00a0\u00bb][\/vc_tta_section][\/vc_tta_accordion][vc_separator][\/vc_column][\/vc_row][vc_row][vc_column width=\u00a0\u00bb1\/2&Prime;][vc_icon icon_fontawesome=\u00a0\u00bbfab fa-instagram\u00a0\u00bb size=\u00a0\u00bblg\u00a0\u00bb align=\u00a0\u00bbcenter\u00a0\u00bb link=\u00a0\u00bburl:https%3A%2F%2Fwww.instagram.com%2Fapnu.jeunes%2F||target:%20_blank|\u00a0\u00bb][\/vc_column][vc_column width=\u00a0\u00bb1\/2&Prime;][vc_icon icon_fontawesome=\u00a0\u00bbfab fa-facebook-square\u00a0\u00bb size=\u00a0\u00bblg\u00a0\u00bb align=\u00a0\u00bbcenter\u00a0\u00bb link=\u00a0\u00bburl:https%3A%2F%2Fwww.facebook.com%2Fapnujeunes||target:%20_blank|\u00a0\u00bb][\/vc_column][\/vc_row]<\/p>\n<\/div>","protected":false},"excerpt":{"rendered":"<p>[vc_row][vc_column][vc_separator][\/vc_column][\/vc_row][vc_row][vc_column][vc_tta_accordion color=\u00a0\u00bbsky\u00a0\u00bb spacing=\u00a0\u00bb1&Prime; gap=\u00a0\u00bb2&Prime; c_icon=\u00a0\u00bbchevron\u00a0\u00bb active_section=\u00a0\u00bb1&Prime; collapsible_all=\u00a0\u00bbtrue\u00a0\u00bb][vc_tta_section title=\u00a0\u00bbVISITES APNU JEUNES 2025-2026&Prime; tab_id=\u00a0\u00bb1768680842765-fa6e0307-d787&Prime;][vc_row_inner][vc_column_inner width=\u00a0\u00bb1\/3&Prime;][vc_column_text css=\u00a0\u00bb\u00a0\u00bb] &nbsp;&#8230;<\/p>\n","protected":false},"author":1,"featured_media":0,"parent":829,"menu_order":0,"comment_status":"closed","ping_status":"closed","template":"","meta":{"footnotes":""},"class_list":["post-8622","page","type-page","status-publish","hentry"],"yoast_head":"<!-- This site is optimized with the Yoast SEO plugin v27.5 - https:\/\/yoast.com\/product\/yoast-seo-wordpress\/ -->\n<title>Activit\u00e9s APNU Jeunes - APNU<\/title>\n<meta name=\"robots\" content=\"index, follow, max-snippet:-1, max-image-preview:large, max-video-preview:-1\" \/>\n<link rel=\"canonical\" href=\"https:\/\/apnu.be\/index.php\/apnu-jeunes\/activites-apnu-jeunes\/\" \/>\n<meta property=\"og:locale\" content=\"fr_FR\" \/>\n<meta property=\"og:type\" content=\"article\" \/>\n<meta property=\"og:title\" content=\"Activit\u00e9s APNU Jeunes - APNU\" \/>\n<meta property=\"og:description\" content=\"[vc_row][vc_column][vc_separator][\/vc_column][\/vc_row][vc_row][vc_column][vc_tta_accordion color=\u00a0\u00bbsky\u00a0\u00bb spacing=\u00a0\u00bb1&Prime; gap=\u00a0\u00bb2&Prime; c_icon=\u00a0\u00bbchevron\u00a0\u00bb active_section=\u00a0\u00bb1&Prime; collapsible_all=\u00a0\u00bbtrue\u00a0\u00bb][vc_tta_section title=\u00a0\u00bbVISITES APNU JEUNES 2025-2026&Prime; tab_id=\u00a0\u00bb1768680842765-fa6e0307-d787&Prime;][vc_row_inner][vc_column_inner width=\u00a0\u00bb1\/3&Prime;][vc_column_text css=\u00a0\u00bb\u00a0\u00bb] &nbsp;...\" \/>\n<meta property=\"og:url\" content=\"https:\/\/apnu.be\/index.php\/apnu-jeunes\/activites-apnu-jeunes\/\" \/>\n<meta property=\"og:site_name\" content=\"APNU\" \/>\n<meta property=\"article:modified_time\" content=\"2026-03-27T11:17:53+00:00\" \/>\n<meta name=\"twitter:card\" content=\"summary_large_image\" \/>\n<meta name=\"twitter:label1\" content=\"Dur\u00e9e de lecture estim\u00e9e\" \/>\n\t<meta name=\"twitter:data1\" content=\"1 minute\" \/>\n<script type=\"application\/ld+json\" class=\"yoast-schema-graph\">{\"@context\":\"https:\\\/\\\/schema.org\",\"@graph\":[{\"@type\":\"WebPage\",\"@id\":\"https:\\\/\\\/apnu.be\\\/index.php\\\/apnu-jeunes\\\/activites-apnu-jeunes\\\/\",\"url\":\"https:\\\/\\\/apnu.be\\\/index.php\\\/apnu-jeunes\\\/activites-apnu-jeunes\\\/\",\"name\":\"Activit\u00e9s APNU Jeunes - APNU\",\"isPartOf\":{\"@id\":\"https:\\\/\\\/apnu.be\\\/#website\"},\"datePublished\":\"2020-04-11T01:05:23+00:00\",\"dateModified\":\"2026-03-27T11:17:53+00:00\",\"breadcrumb\":{\"@id\":\"https:\\\/\\\/apnu.be\\\/index.php\\\/apnu-jeunes\\\/activites-apnu-jeunes\\\/#breadcrumb\"},\"inLanguage\":\"fr-FR\",\"potentialAction\":[{\"@type\":\"ReadAction\",\"target\":[\"https:\\\/\\\/apnu.be\\\/index.php\\\/apnu-jeunes\\\/activites-apnu-jeunes\\\/\"]}]},{\"@type\":\"BreadcrumbList\",\"@id\":\"https:\\\/\\\/apnu.be\\\/index.php\\\/apnu-jeunes\\\/activites-apnu-jeunes\\\/#breadcrumb\",\"itemListElement\":[{\"@type\":\"ListItem\",\"position\":1,\"name\":\"Accueil\",\"item\":\"https:\\\/\\\/apnu.be\\\/\"},{\"@type\":\"ListItem\",\"position\":2,\"name\":\"APNU JEUNES\",\"item\":\"https:\\\/\\\/apnu.be\\\/index.php\\\/apnu-jeunes\\\/\"},{\"@type\":\"ListItem\",\"position\":3,\"name\":\"Activit\u00e9s APNU Jeunes\"}]},{\"@type\":\"WebSite\",\"@id\":\"https:\\\/\\\/apnu.be\\\/#website\",\"url\":\"https:\\\/\\\/apnu.be\\\/\",\"name\":\"APNU\",\"description\":\"L\u2019Association pour les Nations Unies (A.P.N.U.). Association sans but lucratif (A.S.B.L.)\",\"potentialAction\":[{\"@type\":\"SearchAction\",\"target\":{\"@type\":\"EntryPoint\",\"urlTemplate\":\"https:\\\/\\\/apnu.be\\\/?s={search_term_string}\"},\"query-input\":{\"@type\":\"PropertyValueSpecification\",\"valueRequired\":true,\"valueName\":\"search_term_string\"}}],\"inLanguage\":\"fr-FR\"}]}<\/script>\n<!-- \/ Yoast SEO plugin. -->","yoast_head_json":{"title":"Activit\u00e9s APNU Jeunes - APNU","robots":{"index":"index","follow":"follow","max-snippet":"max-snippet:-1","max-image-preview":"max-image-preview:large","max-video-preview":"max-video-preview:-1"},"canonical":"https:\/\/apnu.be\/index.php\/apnu-jeunes\/activites-apnu-jeunes\/","og_locale":"fr_FR","og_type":"article","og_title":"Activit\u00e9s APNU Jeunes - APNU","og_description":"[vc_row][vc_column][vc_separator][\/vc_column][\/vc_row][vc_row][vc_column][vc_tta_accordion color=\u00a0\u00bbsky\u00a0\u00bb spacing=\u00a0\u00bb1&Prime; gap=\u00a0\u00bb2&Prime; c_icon=\u00a0\u00bbchevron\u00a0\u00bb active_section=\u00a0\u00bb1&Prime; collapsible_all=\u00a0\u00bbtrue\u00a0\u00bb][vc_tta_section title=\u00a0\u00bbVISITES APNU JEUNES 2025-2026&Prime; tab_id=\u00a0\u00bb1768680842765-fa6e0307-d787&Prime;][vc_row_inner][vc_column_inner width=\u00a0\u00bb1\/3&Prime;][vc_column_text css=\u00a0\u00bb\u00a0\u00bb] &nbsp;...","og_url":"https:\/\/apnu.be\/index.php\/apnu-jeunes\/activites-apnu-jeunes\/","og_site_name":"APNU","article_modified_time":"2026-03-27T11:17:53+00:00","twitter_card":"summary_large_image","twitter_misc":{"Dur\u00e9e de lecture estim\u00e9e":"1 minute"},"schema":{"@context":"https:\/\/schema.org","@graph":[{"@type":"WebPage","@id":"https:\/\/apnu.be\/index.php\/apnu-jeunes\/activites-apnu-jeunes\/","url":"https:\/\/apnu.be\/index.php\/apnu-jeunes\/activites-apnu-jeunes\/","name":"Activit\u00e9s APNU Jeunes - APNU","isPartOf":{"@id":"https:\/\/apnu.be\/#website"},"datePublished":"2020-04-11T01:05:23+00:00","dateModified":"2026-03-27T11:17:53+00:00","breadcrumb":{"@id":"https:\/\/apnu.be\/index.php\/apnu-jeunes\/activites-apnu-jeunes\/#breadcrumb"},"inLanguage":"fr-FR","potentialAction":[{"@type":"ReadAction","target":["https:\/\/apnu.be\/index.php\/apnu-jeunes\/activites-apnu-jeunes\/"]}]},{"@type":"BreadcrumbList","@id":"https:\/\/apnu.be\/index.php\/apnu-jeunes\/activites-apnu-jeunes\/#breadcrumb","itemListElement":[{"@type":"ListItem","position":1,"name":"Accueil","item":"https:\/\/apnu.be\/"},{"@type":"ListItem","position":2,"name":"APNU JEUNES","item":"https:\/\/apnu.be\/index.php\/apnu-jeunes\/"},{"@type":"ListItem","position":3,"name":"Activit\u00e9s APNU Jeunes"}]},{"@type":"WebSite","@id":"https:\/\/apnu.be\/#website","url":"https:\/\/apnu.be\/","name":"APNU","description":"L\u2019Association pour les Nations Unies (A.P.N.U.). Association sans but lucratif (A.S.B.L.)","potentialAction":[{"@type":"SearchAction","target":{"@type":"EntryPoint","urlTemplate":"https:\/\/apnu.be\/?s={search_term_string}"},"query-input":{"@type":"PropertyValueSpecification","valueRequired":true,"valueName":"search_term_string"}}],"inLanguage":"fr-FR"}]}},"jetpack_sharing_enabled":true,"_links":{"self":[{"href":"https:\/\/apnu.be\/index.php\/wp-json\/wp\/v2\/pages\/8622","targetHints":{"allow":["GET"]}}],"collection":[{"href":"https:\/\/apnu.be\/index.php\/wp-json\/wp\/v2\/pages"}],"about":[{"href":"https:\/\/apnu.be\/index.php\/wp-json\/wp\/v2\/types\/page"}],"author":[{"embeddable":true,"href":"https:\/\/apnu.be\/index.php\/wp-json\/wp\/v2\/users\/1"}],"replies":[{"embeddable":true,"href":"https:\/\/apnu.be\/index.php\/wp-json\/wp\/v2\/comments?post=8622"}],"version-history":[{"count":78,"href":"https:\/\/apnu.be\/index.php\/wp-json\/wp\/v2\/pages\/8622\/revisions"}],"predecessor-version":[{"id":10873,"href":"https:\/\/apnu.be\/index.php\/wp-json\/wp\/v2\/pages\/8622\/revisions\/10873"}],"up":[{"embeddable":true,"href":"https:\/\/apnu.be\/index.php\/wp-json\/wp\/v2\/pages\/829"}],"wp:attachment":[{"href":"https:\/\/apnu.be\/index.php\/wp-json\/wp\/v2\/media?parent=8622"}],"curies":[{"name":"wp","href":"https:\/\/api.w.org\/{rel}","templated":true}]}}