{"id":8489,"date":"2020-04-07T04:33:00","date_gmt":"2020-04-07T02:33:00","guid":{"rendered":"http:\/\/apnu.be\/?page_id=8489"},"modified":"2024-10-08T12:31:34","modified_gmt":"2024-10-08T10:31:34","slug":"autres-archives","status":"publish","type":"page","link":"https:\/\/apnu.be\/index.php\/archives\/autres-archives\/","title":{"rendered":"Autres archives"},"content":{"rendered":"\n<p>R\u00e9trospective: 15 ann\u00e9es d&rsquo;existence de l&rsquo;APNU en d\u00e9cembre 2022. Voir le document<strong><a href=\"https:\/\/apnu.be\/wp-content\/uploads\/2024\/10\/Retrospective-lAPNU-a-15-ans_V5.pdf\"> ici<\/a><\/strong><\/p>\n\n\n\n<h4 class=\"wp-block-heading has-text-align-center\"><strong>Conf\u00e9rences pass\u00e9es<\/strong><\/h4>\n\n\n\n<p class=\"has-text-align-left\">SDG Forum, atelier UNA Belgium sur UN75 du 29 octobre 2020. Voir la  , Concept Note <strong><a href=\"https:\/\/apnu.be\/wp-content\/uploads\/2020\/11\/UNA-Belgium_SDG-Forum_UN75-Panel-discussion_Concept-note_2020-10-16-1.pdf\">ici.<\/a><\/strong><\/p>\n\n\n\n<p>Conf\u00e9rence sur les droits de l&rsquo;homme et la justice internationale  du 6 mars 2018. Voir l&rsquo;annonce <strong><a href=\"https:\/\/apnu.be\/wp-content\/uploads\/2020\/11\/Conference-sur-Les-Droits-de-lHomme-et-la-Justice-internationale_-le-6-mars-2018-a-Bruxelles-1.html\">ici<\/a><\/strong><\/p>\n\n\n\n<p>Conf\u00e9rence\/d\u00e9bat du 12 janvier 2018 \u00e0 WBI pour la pr\u00e9sentation du livre \u00ab\u00a0Pour la dignit\u00e9 paysanne\u00a0\u00bb. Voir l&rsquo;annonce <strong><a href=\"https:\/\/apnu.be\/wp-content\/uploads\/2020\/11\/Conference-debat-du-12-janvier-2018-.jpg\">ici<\/a><\/strong> .<\/p>\n\n\n\n<p>Conf\u00e9rence on the UN Human Rights Achievements and Challenges on 12 December 2017. Voir l&rsquo;annonce<strong><a href=\"https:\/\/apnu.be\/wp-content\/uploads\/2020\/11\/Invitation-to-the-Confeerence-on-The-UN-Human-Rights-Achievements-and-Challenges-on-12-December-2017.pdf\"> ici<\/a><\/strong><a href=\"https:\/\/apnu.be\/wp-content\/uploads\/2020\/11\/Invitation-to-the-Confeerence-on-The-UN-Human-Rights-Achievements-and-Challenges-on-12-December-2017.pdf\"> <\/a><\/p>\n\n\n\n<p>Conf\u00e9rence du 27 avril 2017 sur le th\u00e8me : L&rsquo;ONU, une machine imparfaite mais indispensable. Voir l&rsquo;annonce<strong><a href=\"https:\/\/apnu.be\/wp-content\/uploads\/2020\/11\/Conference-APNU-du-27-avril-2017.pdf\"> ici.<\/a><\/strong><\/p>\n\n\n\n<p>Conf\u00e9rence\/d\u00e9bat du 6 avril 2017 sur le Bosnie-Herz\u00e9govine, 25 ans apr\u00e8s. Voir l&rsquo;annonce <strong><a href=\"https:\/\/apnu.be\/wp-content\/uploads\/2020\/11\/Conference-debat-du-6-avril-2017-sur-la-Bosnie-Herzegovine-25-ans-apres.pdf\">ici.<\/a><\/strong><\/p>\n\n\n\n<p>Conf\u00e9rence on Climate Change on 21 October 2015. Voir l&rsquo;annonce<a href=\"http:\/\/xn--confrence%20on%20climate%20change%2021%20october%202015-e2e\/\"><strong> ici.<\/strong><\/a><\/p>\n\n\n\n<p><\/p>\n\n\n\n<p><\/p>\n","protected":false},"excerpt":{"rendered":"<p>R\u00e9trospective: 15 ann\u00e9es d&rsquo;existence de l&rsquo;APNU en d\u00e9cembre 2022. Voir le document ici Conf\u00e9rences pass\u00e9es&#8230;<\/p>\n","protected":false},"author":1,"featured_media":0,"parent":8470,"menu_order":0,"comment_status":"closed","ping_status":"closed","template":"","meta":{"footnotes":""},"class_list":["post-8489","page","type-page","status-publish","hentry"],"yoast_head":"<!-- This site is optimized with the Yoast SEO plugin v27.3 - https:\/\/yoast.com\/product\/yoast-seo-wordpress\/ -->\n<title>Autres archives - APNU<\/title>\n<meta name=\"robots\" content=\"index, follow, max-snippet:-1, max-image-preview:large, max-video-preview:-1\" \/>\n<link rel=\"canonical\" href=\"https:\/\/apnu.be\/index.php\/archives\/autres-archives\/\" \/>\n<meta property=\"og:locale\" content=\"fr_FR\" \/>\n<meta property=\"og:type\" content=\"article\" \/>\n<meta property=\"og:title\" content=\"Autres archives - APNU\" \/>\n<meta property=\"og:description\" content=\"R\u00e9trospective: 15 ann\u00e9es d&rsquo;existence de l&rsquo;APNU en d\u00e9cembre 2022. Voir le document ici Conf\u00e9rences pass\u00e9es...\" \/>\n<meta property=\"og:url\" content=\"https:\/\/apnu.be\/index.php\/archives\/autres-archives\/\" \/>\n<meta property=\"og:site_name\" content=\"APNU\" \/>\n<meta property=\"article:modified_time\" content=\"2024-10-08T10:31:34+00:00\" \/>\n<meta name=\"twitter:card\" content=\"summary_large_image\" \/>\n<meta name=\"twitter:label1\" content=\"Dur\u00e9e de lecture estim\u00e9e\" \/>\n\t<meta name=\"twitter:data1\" content=\"1 minute\" \/>\n<script type=\"application\/ld+json\" class=\"yoast-schema-graph\">{\"@context\":\"https:\\\/\\\/schema.org\",\"@graph\":[{\"@type\":\"WebPage\",\"@id\":\"https:\\\/\\\/apnu.be\\\/index.php\\\/archives\\\/autres-archives\\\/\",\"url\":\"https:\\\/\\\/apnu.be\\\/index.php\\\/archives\\\/autres-archives\\\/\",\"name\":\"Autres archives - APNU\",\"isPartOf\":{\"@id\":\"https:\\\/\\\/apnu.be\\\/#website\"},\"datePublished\":\"2020-04-07T02:33:00+00:00\",\"dateModified\":\"2024-10-08T10:31:34+00:00\",\"breadcrumb\":{\"@id\":\"https:\\\/\\\/apnu.be\\\/index.php\\\/archives\\\/autres-archives\\\/#breadcrumb\"},\"inLanguage\":\"fr-FR\",\"potentialAction\":[{\"@type\":\"ReadAction\",\"target\":[\"https:\\\/\\\/apnu.be\\\/index.php\\\/archives\\\/autres-archives\\\/\"]}]},{\"@type\":\"BreadcrumbList\",\"@id\":\"https:\\\/\\\/apnu.be\\\/index.php\\\/archives\\\/autres-archives\\\/#breadcrumb\",\"itemListElement\":[{\"@type\":\"ListItem\",\"position\":1,\"name\":\"Accueil\",\"item\":\"https:\\\/\\\/apnu.be\\\/\"},{\"@type\":\"ListItem\",\"position\":2,\"name\":\"Archives\",\"item\":\"https:\\\/\\\/apnu.be\\\/index.php\\\/archives\\\/\"},{\"@type\":\"ListItem\",\"position\":3,\"name\":\"Autres archives\"}]},{\"@type\":\"WebSite\",\"@id\":\"https:\\\/\\\/apnu.be\\\/#website\",\"url\":\"https:\\\/\\\/apnu.be\\\/\",\"name\":\"APNU\",\"description\":\"L\u2019Association pour les Nations Unies (A.P.N.U.). Association sans but lucratif (A.S.B.L.)\",\"potentialAction\":[{\"@type\":\"SearchAction\",\"target\":{\"@type\":\"EntryPoint\",\"urlTemplate\":\"https:\\\/\\\/apnu.be\\\/?s={search_term_string}\"},\"query-input\":{\"@type\":\"PropertyValueSpecification\",\"valueRequired\":true,\"valueName\":\"search_term_string\"}}],\"inLanguage\":\"fr-FR\"}]}<\/script>\n<!-- \/ Yoast SEO plugin. -->","yoast_head_json":{"title":"Autres archives - APNU","robots":{"index":"index","follow":"follow","max-snippet":"max-snippet:-1","max-image-preview":"max-image-preview:large","max-video-preview":"max-video-preview:-1"},"canonical":"https:\/\/apnu.be\/index.php\/archives\/autres-archives\/","og_locale":"fr_FR","og_type":"article","og_title":"Autres archives - APNU","og_description":"R\u00e9trospective: 15 ann\u00e9es d&rsquo;existence de l&rsquo;APNU en d\u00e9cembre 2022. Voir le document ici Conf\u00e9rences pass\u00e9es...","og_url":"https:\/\/apnu.be\/index.php\/archives\/autres-archives\/","og_site_name":"APNU","article_modified_time":"2024-10-08T10:31:34+00:00","twitter_card":"summary_large_image","twitter_misc":{"Dur\u00e9e de lecture estim\u00e9e":"1 minute"},"schema":{"@context":"https:\/\/schema.org","@graph":[{"@type":"WebPage","@id":"https:\/\/apnu.be\/index.php\/archives\/autres-archives\/","url":"https:\/\/apnu.be\/index.php\/archives\/autres-archives\/","name":"Autres archives - APNU","isPartOf":{"@id":"https:\/\/apnu.be\/#website"},"datePublished":"2020-04-07T02:33:00+00:00","dateModified":"2024-10-08T10:31:34+00:00","breadcrumb":{"@id":"https:\/\/apnu.be\/index.php\/archives\/autres-archives\/#breadcrumb"},"inLanguage":"fr-FR","potentialAction":[{"@type":"ReadAction","target":["https:\/\/apnu.be\/index.php\/archives\/autres-archives\/"]}]},{"@type":"BreadcrumbList","@id":"https:\/\/apnu.be\/index.php\/archives\/autres-archives\/#breadcrumb","itemListElement":[{"@type":"ListItem","position":1,"name":"Accueil","item":"https:\/\/apnu.be\/"},{"@type":"ListItem","position":2,"name":"Archives","item":"https:\/\/apnu.be\/index.php\/archives\/"},{"@type":"ListItem","position":3,"name":"Autres archives"}]},{"@type":"WebSite","@id":"https:\/\/apnu.be\/#website","url":"https:\/\/apnu.be\/","name":"APNU","description":"L\u2019Association pour les Nations Unies (A.P.N.U.). Association sans but lucratif (A.S.B.L.)","potentialAction":[{"@type":"SearchAction","target":{"@type":"EntryPoint","urlTemplate":"https:\/\/apnu.be\/?s={search_term_string}"},"query-input":{"@type":"PropertyValueSpecification","valueRequired":true,"valueName":"search_term_string"}}],"inLanguage":"fr-FR"}]}},"jetpack_sharing_enabled":true,"_links":{"self":[{"href":"https:\/\/apnu.be\/index.php\/wp-json\/wp\/v2\/pages\/8489","targetHints":{"allow":["GET"]}}],"collection":[{"href":"https:\/\/apnu.be\/index.php\/wp-json\/wp\/v2\/pages"}],"about":[{"href":"https:\/\/apnu.be\/index.php\/wp-json\/wp\/v2\/types\/page"}],"author":[{"embeddable":true,"href":"https:\/\/apnu.be\/index.php\/wp-json\/wp\/v2\/users\/1"}],"replies":[{"embeddable":true,"href":"https:\/\/apnu.be\/index.php\/wp-json\/wp\/v2\/comments?post=8489"}],"version-history":[{"count":18,"href":"https:\/\/apnu.be\/index.php\/wp-json\/wp\/v2\/pages\/8489\/revisions"}],"predecessor-version":[{"id":10347,"href":"https:\/\/apnu.be\/index.php\/wp-json\/wp\/v2\/pages\/8489\/revisions\/10347"}],"up":[{"embeddable":true,"href":"https:\/\/apnu.be\/index.php\/wp-json\/wp\/v2\/pages\/8470"}],"wp:attachment":[{"href":"https:\/\/apnu.be\/index.php\/wp-json\/wp\/v2\/media?parent=8489"}],"curies":[{"name":"wp","href":"https:\/\/api.w.org\/{rel}","templated":true}]}}