{"id":8079,"date":"2020-01-28T12:52:28","date_gmt":"2020-01-28T11:52:28","guid":{"rendered":"http:\/\/apnu.be\/?page_id=8079"},"modified":"2025-12-02T10:40:55","modified_gmt":"2025-12-02T09:40:55","slug":"mun","status":"publish","type":"page","link":"https:\/\/apnu.be\/index.php\/mun\/","title":{"rendered":"Les \u00ab\u00a0Model United Nations\u00a0\u00bb"},"content":{"rendered":"<div class=\"wpb-content-wrapper\"><p>[vc_row][vc_column]<style>.ld_spacer_69da11b086bae{height:50px;}<\/style>\n<div class=\"ld-empty-space ld_spacer_69da11b086bae\"><span class=\"liquid_empty_space_inner\"><\/span><\/div>[vc_single_image image=\u00a0\u00bb8648&Prime; img_size=\u00a0\u00bblarge\u00a0\u00bb add_caption=\u00a0\u00bbyes\u00a0\u00bb alignment=\u00a0\u00bbcenter\u00a0\u00bb el_id=\u00a0\u00bbPr\u00e9sentation de l&rsquo;APNU lors d&rsquo;une simulation MUN \u00e0 l&rsquo;ULB\u00a0\u00bb][vc_row_inner][vc_column_inner][vc_column_text]<\/p>\n<p style=\"text-align: center;\"><strong>Pr\u00e9sentation de l&rsquo;APNU lors d&rsquo;une simulation MUN \u00e0 l&rsquo;ULB<\/strong><\/p>\n<p>[\/vc_column_text][vc_separator][\/vc_column_inner][\/vc_row_inner][\/vc_column][\/vc_row][vc_row][vc_column][vc_row_inner][vc_column_inner][\/vc_column_inner][\/vc_row_inner][vc_column_text][\/vc_column_text][vc_column_text]<strong>Les \u00ab\u00a0Model United Nations\u00a0\u00bb (MUN) sont des simulations des d\u00e9bats qui ont lieu au sein des diff\u00e9rents organes des\u00a0 Nations Unies. Ils ont pour but de former les \u00e9tudiants participants aux relations internationales et \u00e0 la diplomatie. L&rsquo;APNU et l\u2019APNU Jeunes soutiennent\u00a0 les clubs des universit\u00e9s francophones belges\u00a0 qui organisent ces MUN en leur fournissant une petite contribution financi\u00e8re et en participant dans la mesure du possible \u00e0 leurs activit\u00e9s. Les clubs qui ont \u00e9t\u00e9 soutenus appartiennent \u00e0 l&rsquo;ULB, \u00e0 l&rsquo;UCL et \u00e0 l&rsquo;Universit\u00e9 Saint Louis. <\/strong><\/p>\n<p><strong>A titre d&rsquo;illustration sur ce que sont les MUN, le rapport sur la participation de deux d\u00e9l\u00e9gations de l&rsquo;UCLouvain Saint-Louis Bruxelles au MUN de Londres en f\u00e9vrier 2025 et au MUN de New-York en avril 2025 est disponible <a href=\"https:\/\/apnu.be\/wp-content\/uploads\/2025\/12\/Rapport-Financement-APNU-LIMUN-et-NMUN-2025.pdf\">ici.<\/a><\/strong><\/p>\n<p><strong>Plus d&rsquo;informations sur les sites suivants:<\/strong><\/p>\n<p><a href=\"https:\/\/www.facebook.com\/UlbMun\/\">www.facebook.com\/UlbMun\/<\/a><\/p>\n<p><a href=\"https:\/\/www.facebook.com\/uclmunsoc\/\">www.facebook.com\/uclmunsoc\/<\/a><\/p>\n<div id=\"ConnectiveDocSignExtentionInstalled\" data-extension-version=\"1.0.4\"><\/div>\n<p>[\/vc_column_text]<style>.ld_spacer_69da11b086d11{height:50px;}<\/style>\n<div class=\"ld-empty-space ld_spacer_69da11b086d11\"><span class=\"liquid_empty_space_inner\"><\/span><\/div>[\/vc_column][vc_column][\/vc_column][\/vc_row]<\/p>\n<\/div>","protected":false},"excerpt":{"rendered":"<p>[vc_row][vc_column][vc_single_image image=\u00a0\u00bb8648&Prime; img_size=\u00a0\u00bblarge\u00a0\u00bb add_caption=\u00a0\u00bbyes\u00a0\u00bb alignment=\u00a0\u00bbcenter\u00a0\u00bb el_id=\u00a0\u00bbPr\u00e9sentation de l&rsquo;APNU lors d&rsquo;une simulation MUN \u00e0 l&rsquo;ULB\u00a0\u00bb][vc_row_inner][vc_column_inner][vc_column_text] Pr\u00e9sentation&#8230;<\/p>\n","protected":false},"author":1,"featured_media":0,"parent":0,"menu_order":0,"comment_status":"closed","ping_status":"closed","template":"","meta":{"footnotes":""},"class_list":["post-8079","page","type-page","status-publish","hentry"],"yoast_head":"<!-- This site is optimized with the Yoast SEO plugin v27.3 - https:\/\/yoast.com\/product\/yoast-seo-wordpress\/ -->\n<title>Les &quot;Model United Nations&quot; - APNU<\/title>\n<meta name=\"robots\" content=\"index, follow, max-snippet:-1, max-image-preview:large, max-video-preview:-1\" \/>\n<link rel=\"canonical\" href=\"https:\/\/apnu.be\/index.php\/mun\/\" \/>\n<meta property=\"og:locale\" content=\"fr_FR\" \/>\n<meta property=\"og:type\" content=\"article\" \/>\n<meta property=\"og:title\" content=\"Les &quot;Model United Nations&quot; - APNU\" \/>\n<meta property=\"og:description\" content=\"[vc_row][vc_column][vc_single_image image=\u00a0\u00bb8648&Prime; img_size=\u00a0\u00bblarge\u00a0\u00bb add_caption=\u00a0\u00bbyes\u00a0\u00bb alignment=\u00a0\u00bbcenter\u00a0\u00bb el_id=\u00a0\u00bbPr\u00e9sentation de l&rsquo;APNU lors d&rsquo;une simulation MUN \u00e0 l&rsquo;ULB\u00a0\u00bb][vc_row_inner][vc_column_inner][vc_column_text] Pr\u00e9sentation...\" \/>\n<meta property=\"og:url\" content=\"https:\/\/apnu.be\/index.php\/mun\/\" \/>\n<meta property=\"og:site_name\" content=\"APNU\" \/>\n<meta property=\"article:modified_time\" content=\"2025-12-02T09:40:55+00:00\" \/>\n<meta name=\"twitter:card\" content=\"summary_large_image\" \/>\n<meta name=\"twitter:label1\" content=\"Dur\u00e9e de lecture estim\u00e9e\" \/>\n\t<meta name=\"twitter:data1\" content=\"2 minutes\" \/>\n<script type=\"application\/ld+json\" class=\"yoast-schema-graph\">{\"@context\":\"https:\\\/\\\/schema.org\",\"@graph\":[{\"@type\":\"WebPage\",\"@id\":\"https:\\\/\\\/apnu.be\\\/index.php\\\/mun\\\/\",\"url\":\"https:\\\/\\\/apnu.be\\\/index.php\\\/mun\\\/\",\"name\":\"Les \\\"Model United Nations\\\" - APNU\",\"isPartOf\":{\"@id\":\"https:\\\/\\\/apnu.be\\\/#website\"},\"datePublished\":\"2020-01-28T11:52:28+00:00\",\"dateModified\":\"2025-12-02T09:40:55+00:00\",\"breadcrumb\":{\"@id\":\"https:\\\/\\\/apnu.be\\\/index.php\\\/mun\\\/#breadcrumb\"},\"inLanguage\":\"fr-FR\",\"potentialAction\":[{\"@type\":\"ReadAction\",\"target\":[\"https:\\\/\\\/apnu.be\\\/index.php\\\/mun\\\/\"]}]},{\"@type\":\"BreadcrumbList\",\"@id\":\"https:\\\/\\\/apnu.be\\\/index.php\\\/mun\\\/#breadcrumb\",\"itemListElement\":[{\"@type\":\"ListItem\",\"position\":1,\"name\":\"Accueil\",\"item\":\"https:\\\/\\\/apnu.be\\\/\"},{\"@type\":\"ListItem\",\"position\":2,\"name\":\"Les \u00ab\u00a0Model United Nations\u00a0\u00bb\"}]},{\"@type\":\"WebSite\",\"@id\":\"https:\\\/\\\/apnu.be\\\/#website\",\"url\":\"https:\\\/\\\/apnu.be\\\/\",\"name\":\"APNU\",\"description\":\"L\u2019Association pour les Nations Unies (A.P.N.U.). Association sans but lucratif (A.S.B.L.)\",\"potentialAction\":[{\"@type\":\"SearchAction\",\"target\":{\"@type\":\"EntryPoint\",\"urlTemplate\":\"https:\\\/\\\/apnu.be\\\/?s={search_term_string}\"},\"query-input\":{\"@type\":\"PropertyValueSpecification\",\"valueRequired\":true,\"valueName\":\"search_term_string\"}}],\"inLanguage\":\"fr-FR\"}]}<\/script>\n<!-- \/ Yoast SEO plugin. -->","yoast_head_json":{"title":"Les \"Model United Nations\" - APNU","robots":{"index":"index","follow":"follow","max-snippet":"max-snippet:-1","max-image-preview":"max-image-preview:large","max-video-preview":"max-video-preview:-1"},"canonical":"https:\/\/apnu.be\/index.php\/mun\/","og_locale":"fr_FR","og_type":"article","og_title":"Les \"Model United Nations\" - APNU","og_description":"[vc_row][vc_column][vc_single_image image=\u00a0\u00bb8648&Prime; img_size=\u00a0\u00bblarge\u00a0\u00bb add_caption=\u00a0\u00bbyes\u00a0\u00bb alignment=\u00a0\u00bbcenter\u00a0\u00bb el_id=\u00a0\u00bbPr\u00e9sentation de l&rsquo;APNU lors d&rsquo;une simulation MUN \u00e0 l&rsquo;ULB\u00a0\u00bb][vc_row_inner][vc_column_inner][vc_column_text] Pr\u00e9sentation...","og_url":"https:\/\/apnu.be\/index.php\/mun\/","og_site_name":"APNU","article_modified_time":"2025-12-02T09:40:55+00:00","twitter_card":"summary_large_image","twitter_misc":{"Dur\u00e9e de lecture estim\u00e9e":"2 minutes"},"schema":{"@context":"https:\/\/schema.org","@graph":[{"@type":"WebPage","@id":"https:\/\/apnu.be\/index.php\/mun\/","url":"https:\/\/apnu.be\/index.php\/mun\/","name":"Les \"Model United Nations\" - APNU","isPartOf":{"@id":"https:\/\/apnu.be\/#website"},"datePublished":"2020-01-28T11:52:28+00:00","dateModified":"2025-12-02T09:40:55+00:00","breadcrumb":{"@id":"https:\/\/apnu.be\/index.php\/mun\/#breadcrumb"},"inLanguage":"fr-FR","potentialAction":[{"@type":"ReadAction","target":["https:\/\/apnu.be\/index.php\/mun\/"]}]},{"@type":"BreadcrumbList","@id":"https:\/\/apnu.be\/index.php\/mun\/#breadcrumb","itemListElement":[{"@type":"ListItem","position":1,"name":"Accueil","item":"https:\/\/apnu.be\/"},{"@type":"ListItem","position":2,"name":"Les \u00ab\u00a0Model United Nations\u00a0\u00bb"}]},{"@type":"WebSite","@id":"https:\/\/apnu.be\/#website","url":"https:\/\/apnu.be\/","name":"APNU","description":"L\u2019Association pour les Nations Unies (A.P.N.U.). Association sans but lucratif (A.S.B.L.)","potentialAction":[{"@type":"SearchAction","target":{"@type":"EntryPoint","urlTemplate":"https:\/\/apnu.be\/?s={search_term_string}"},"query-input":{"@type":"PropertyValueSpecification","valueRequired":true,"valueName":"search_term_string"}}],"inLanguage":"fr-FR"}]}},"jetpack_sharing_enabled":true,"_links":{"self":[{"href":"https:\/\/apnu.be\/index.php\/wp-json\/wp\/v2\/pages\/8079","targetHints":{"allow":["GET"]}}],"collection":[{"href":"https:\/\/apnu.be\/index.php\/wp-json\/wp\/v2\/pages"}],"about":[{"href":"https:\/\/apnu.be\/index.php\/wp-json\/wp\/v2\/types\/page"}],"author":[{"embeddable":true,"href":"https:\/\/apnu.be\/index.php\/wp-json\/wp\/v2\/users\/1"}],"replies":[{"embeddable":true,"href":"https:\/\/apnu.be\/index.php\/wp-json\/wp\/v2\/comments?post=8079"}],"version-history":[{"count":17,"href":"https:\/\/apnu.be\/index.php\/wp-json\/wp\/v2\/pages\/8079\/revisions"}],"predecessor-version":[{"id":10732,"href":"https:\/\/apnu.be\/index.php\/wp-json\/wp\/v2\/pages\/8079\/revisions\/10732"}],"wp:attachment":[{"href":"https:\/\/apnu.be\/index.php\/wp-json\/wp\/v2\/media?parent=8079"}],"curies":[{"name":"wp","href":"https:\/\/api.w.org\/{rel}","templated":true}]}}