{"id":8074,"date":"2020-01-28T12:49:27","date_gmt":"2020-01-28T11:49:27","guid":{"rendered":"http:\/\/apnu.be\/?page_id=8074"},"modified":"2022-03-30T16:18:14","modified_gmt":"2022-03-30T14:18:14","slug":"festival-millenium","status":"publish","type":"page","link":"https:\/\/apnu.be\/index.php\/festival-millenium\/","title":{"rendered":"Festival Mill\u00e9nium"},"content":{"rendered":"<div class=\"wpb-content-wrapper\"><p>[vc_row][vc_column]<style>.ld_spacer_69d726153cf66{height:50px;}<\/style>\n<div class=\"ld-empty-space ld_spacer_69d726153cf66\"><span class=\"liquid_empty_space_inner\"><\/span><\/div>[\/vc_column][\/vc_row][vc_row][vc_column][vc_column_text][\/vc_column_text][\/vc_column][\/vc_row][vc_row][vc_column][vc_column_text]Le Festival Mill\u00e9nium a lieu chaque ann\u00e9e \u00e0 Bruxelles depuis 2009 et a pour objet la diffusion d\u2019un cin\u00e9ma documentaire international de qualit\u00e9 et ind\u00e9pendant qui parle de notre \u00e9poque et am\u00e8ne le spectateur \u00e0 r\u00e9fl\u00e9chir sur son rapport au monde. Le festival met en avant des films dont les th\u00e8mes sont li\u00e9s aux grands enjeux et objectifs du XXIe si\u00e8cle, adopt\u00e9s en l&rsquo;an 2000 par les <a href=\"https:\/\/fr.wikipedia.org\/wiki\/Organisation_des_Nations_unies\">Nations Unies<\/a> et qui refl\u00e8tent les r\u00eaves et les ambitions de l\u2019humanit\u00e9 pour un monde plus durable et plus \u00e9quitable. L&rsquo;APNU et l&rsquo;APNU Jeunes appuient depuis plusieurs ann\u00e9es le Festival Mill\u00e9nium en participant au jury du public, en promouvant le programme du festival aupr\u00e8s de ses membres ou sympathisants et en participant \u00e0 diverses activit\u00e9s lanc\u00e9es en parall\u00e8le au festival.<\/p>\n<p>[\/vc_column_text]<style>.ld_spacer_69d726153d0d9{height:50px;}<\/style>\n<div class=\"ld-empty-space ld_spacer_69d726153d0d9\"><span class=\"liquid_empty_space_inner\"><\/span><\/div>[vc_column_text]<strong>Le Millenium Film Festival 2022 aura lieu du 5 au 13 mai 2022. <a href=\"https:\/\/apnu.be\/index.php\/2022\/03\/30\/millenium-film-festival-2022\/\" target=\"_blank\" rel=\"noopener\">Plus d\u2019infos<\/a><\/strong>[\/vc_column_text]<style>.ld_spacer_69d726153d150{height:50px;}<\/style>\n<div class=\"ld-empty-space ld_spacer_69d726153d150\"><span class=\"liquid_empty_space_inner\"><\/span><\/div>[\/vc_column][vc_column][\/vc_column][\/vc_row]<\/p>\n<\/div>","protected":false},"excerpt":{"rendered":"<p>[vc_row][vc_column][\/vc_column][\/vc_row][vc_row][vc_column][vc_column_text][\/vc_column_text][\/vc_column][\/vc_row][vc_row][vc_column][vc_column_text]Le Festival Mill\u00e9nium a lieu chaque ann\u00e9e \u00e0 Bruxelles depuis 2009 et a pour objet&#8230;<\/p>\n","protected":false},"author":1,"featured_media":0,"parent":0,"menu_order":0,"comment_status":"closed","ping_status":"closed","template":"","meta":{"footnotes":""},"class_list":["post-8074","page","type-page","status-publish","hentry"],"yoast_head":"<!-- This site is optimized with the Yoast SEO plugin v27.3 - https:\/\/yoast.com\/product\/yoast-seo-wordpress\/ -->\n<title>Festival Mill\u00e9nium - APNU<\/title>\n<meta name=\"robots\" content=\"index, follow, max-snippet:-1, max-image-preview:large, max-video-preview:-1\" \/>\n<link rel=\"canonical\" href=\"https:\/\/apnu.be\/index.php\/festival-millenium\/\" \/>\n<meta property=\"og:locale\" content=\"fr_FR\" \/>\n<meta property=\"og:type\" content=\"article\" \/>\n<meta property=\"og:title\" content=\"Festival Mill\u00e9nium - APNU\" \/>\n<meta property=\"og:description\" content=\"[vc_row][vc_column][\/vc_column][\/vc_row][vc_row][vc_column][vc_column_text][\/vc_column_text][\/vc_column][\/vc_row][vc_row][vc_column][vc_column_text]Le Festival Mill\u00e9nium a lieu chaque ann\u00e9e \u00e0 Bruxelles depuis 2009 et a pour objet...\" \/>\n<meta property=\"og:url\" content=\"https:\/\/apnu.be\/index.php\/festival-millenium\/\" \/>\n<meta property=\"og:site_name\" content=\"APNU\" \/>\n<meta property=\"article:modified_time\" content=\"2022-03-30T14:18:14+00:00\" \/>\n<meta name=\"twitter:card\" content=\"summary_large_image\" \/>\n<meta name=\"twitter:label1\" content=\"Dur\u00e9e de lecture estim\u00e9e\" \/>\n\t<meta name=\"twitter:data1\" content=\"1 minute\" \/>\n<script type=\"application\/ld+json\" class=\"yoast-schema-graph\">{\"@context\":\"https:\\\/\\\/schema.org\",\"@graph\":[{\"@type\":\"WebPage\",\"@id\":\"https:\\\/\\\/apnu.be\\\/index.php\\\/festival-millenium\\\/\",\"url\":\"https:\\\/\\\/apnu.be\\\/index.php\\\/festival-millenium\\\/\",\"name\":\"Festival Mill\u00e9nium - APNU\",\"isPartOf\":{\"@id\":\"https:\\\/\\\/apnu.be\\\/#website\"},\"datePublished\":\"2020-01-28T11:49:27+00:00\",\"dateModified\":\"2022-03-30T14:18:14+00:00\",\"breadcrumb\":{\"@id\":\"https:\\\/\\\/apnu.be\\\/index.php\\\/festival-millenium\\\/#breadcrumb\"},\"inLanguage\":\"fr-FR\",\"potentialAction\":[{\"@type\":\"ReadAction\",\"target\":[\"https:\\\/\\\/apnu.be\\\/index.php\\\/festival-millenium\\\/\"]}]},{\"@type\":\"BreadcrumbList\",\"@id\":\"https:\\\/\\\/apnu.be\\\/index.php\\\/festival-millenium\\\/#breadcrumb\",\"itemListElement\":[{\"@type\":\"ListItem\",\"position\":1,\"name\":\"Accueil\",\"item\":\"https:\\\/\\\/apnu.be\\\/\"},{\"@type\":\"ListItem\",\"position\":2,\"name\":\"Festival Mill\u00e9nium\"}]},{\"@type\":\"WebSite\",\"@id\":\"https:\\\/\\\/apnu.be\\\/#website\",\"url\":\"https:\\\/\\\/apnu.be\\\/\",\"name\":\"APNU\",\"description\":\"L\u2019Association pour les Nations Unies (A.P.N.U.). Association sans but lucratif (A.S.B.L.)\",\"potentialAction\":[{\"@type\":\"SearchAction\",\"target\":{\"@type\":\"EntryPoint\",\"urlTemplate\":\"https:\\\/\\\/apnu.be\\\/?s={search_term_string}\"},\"query-input\":{\"@type\":\"PropertyValueSpecification\",\"valueRequired\":true,\"valueName\":\"search_term_string\"}}],\"inLanguage\":\"fr-FR\"}]}<\/script>\n<!-- \/ Yoast SEO plugin. -->","yoast_head_json":{"title":"Festival Mill\u00e9nium - APNU","robots":{"index":"index","follow":"follow","max-snippet":"max-snippet:-1","max-image-preview":"max-image-preview:large","max-video-preview":"max-video-preview:-1"},"canonical":"https:\/\/apnu.be\/index.php\/festival-millenium\/","og_locale":"fr_FR","og_type":"article","og_title":"Festival Mill\u00e9nium - APNU","og_description":"[vc_row][vc_column][\/vc_column][\/vc_row][vc_row][vc_column][vc_column_text][\/vc_column_text][\/vc_column][\/vc_row][vc_row][vc_column][vc_column_text]Le Festival Mill\u00e9nium a lieu chaque ann\u00e9e \u00e0 Bruxelles depuis 2009 et a pour objet...","og_url":"https:\/\/apnu.be\/index.php\/festival-millenium\/","og_site_name":"APNU","article_modified_time":"2022-03-30T14:18:14+00:00","twitter_card":"summary_large_image","twitter_misc":{"Dur\u00e9e de lecture estim\u00e9e":"1 minute"},"schema":{"@context":"https:\/\/schema.org","@graph":[{"@type":"WebPage","@id":"https:\/\/apnu.be\/index.php\/festival-millenium\/","url":"https:\/\/apnu.be\/index.php\/festival-millenium\/","name":"Festival Mill\u00e9nium - APNU","isPartOf":{"@id":"https:\/\/apnu.be\/#website"},"datePublished":"2020-01-28T11:49:27+00:00","dateModified":"2022-03-30T14:18:14+00:00","breadcrumb":{"@id":"https:\/\/apnu.be\/index.php\/festival-millenium\/#breadcrumb"},"inLanguage":"fr-FR","potentialAction":[{"@type":"ReadAction","target":["https:\/\/apnu.be\/index.php\/festival-millenium\/"]}]},{"@type":"BreadcrumbList","@id":"https:\/\/apnu.be\/index.php\/festival-millenium\/#breadcrumb","itemListElement":[{"@type":"ListItem","position":1,"name":"Accueil","item":"https:\/\/apnu.be\/"},{"@type":"ListItem","position":2,"name":"Festival Mill\u00e9nium"}]},{"@type":"WebSite","@id":"https:\/\/apnu.be\/#website","url":"https:\/\/apnu.be\/","name":"APNU","description":"L\u2019Association pour les Nations Unies (A.P.N.U.). Association sans but lucratif (A.S.B.L.)","potentialAction":[{"@type":"SearchAction","target":{"@type":"EntryPoint","urlTemplate":"https:\/\/apnu.be\/?s={search_term_string}"},"query-input":{"@type":"PropertyValueSpecification","valueRequired":true,"valueName":"search_term_string"}}],"inLanguage":"fr-FR"}]}},"jetpack_sharing_enabled":true,"_links":{"self":[{"href":"https:\/\/apnu.be\/index.php\/wp-json\/wp\/v2\/pages\/8074","targetHints":{"allow":["GET"]}}],"collection":[{"href":"https:\/\/apnu.be\/index.php\/wp-json\/wp\/v2\/pages"}],"about":[{"href":"https:\/\/apnu.be\/index.php\/wp-json\/wp\/v2\/types\/page"}],"author":[{"embeddable":true,"href":"https:\/\/apnu.be\/index.php\/wp-json\/wp\/v2\/users\/1"}],"replies":[{"embeddable":true,"href":"https:\/\/apnu.be\/index.php\/wp-json\/wp\/v2\/comments?post=8074"}],"version-history":[{"count":19,"href":"https:\/\/apnu.be\/index.php\/wp-json\/wp\/v2\/pages\/8074\/revisions"}],"predecessor-version":[{"id":8236,"href":"https:\/\/apnu.be\/index.php\/wp-json\/wp\/v2\/pages\/8074\/revisions\/8236"}],"wp:attachment":[{"href":"https:\/\/apnu.be\/index.php\/wp-json\/wp\/v2\/media?parent=8074"}],"curies":[{"name":"wp","href":"https:\/\/api.w.org\/{rel}","templated":true}]}}