{"id":8028,"date":"2020-01-19T16:09:55","date_gmt":"2020-01-19T15:09:55","guid":{"rendered":"http:\/\/apnu.be\/?page_id=8028"},"modified":"2020-05-01T15:56:19","modified_gmt":"2020-05-01T13:56:19","slug":"70ansdudh","status":"publish","type":"page","link":"https:\/\/apnu.be\/index.php\/70ansdudh\/","title":{"rendered":"70ansdudh"},"content":{"rendered":"<div class=\"wpb-content-wrapper\"><p>[vc_row][vc_column]<style>.ld_spacer_69d80bea0f449{height:50px;}<\/style>\n<div class=\"ld-empty-space ld_spacer_69d80bea0f449\"><span class=\"liquid_empty_space_inner\"><\/span><\/div>[\/vc_column][\/vc_row][vc_row content_placement=\u00a0\u00bbtop\u00a0\u00bb css=\u00a0\u00bb.vc_custom_1579446780631{padding-top: 40px !important;padding-bottom: 100px !important;}\u00a0\u00bb][vc_column enable_content_animation=\u00a0\u00bbyes\u00a0\u00bb ca_init_scale_x=\u00a0\u00bb1&Prime; ca_init_scale_y=\u00a0\u00bb1&Prime; ca_init_scale_z=\u00a0\u00bb1&Prime; ca_init_opacity=\u00a0\u00bb0&Prime; ca_an_scale_x=\u00a0\u00bb1&Prime; ca_an_scale_y=\u00a0\u00bb1&Prime; ca_an_scale_z=\u00a0\u00bb1&Prime; ca_an_opacity=\u00a0\u00bb1&Prime; offset=\u00a0\u00bbvc_col-md-5&Prime; ca_duration=\u00a0\u00bb1200&Prime; ca_delay=\u00a0\u00bb120&Prime; ca_init_translate_x=\u00a0\u00bb-37&Prime;]<style>@media (min-width: 992px) { .ld_fancy_heading_69d80bea0f63a h2 {margin-right:35% !important;  }  } .ld_fancy_heading_69d80bea0f63a .lqd-highlight-inner{height:0.275em;bottom:0px;}@media (min-width: 992px) { .ld_fancy_heading_69d80bea0f63a h2 {margin-right:35% !important;  }  } <\/style><div class=\"ld-fancy-heading ld_fancy_heading_69d80bea0f63a\">\n\t<h2 class=\"lqd-highlight-underline lqd-highlight-grow-left\" data-fittext=\"true\" data-fittext-options='{\"compressor\":0.5,\"maxFontSize\":\"currentFontSize\",\"minFontSize\":\"32\"}'><span class=\"ld-fh-txt\"> La campagne<\/span><\/h2><\/div><style>.ld_spacer_69d80bea0f912{height:12px;}<\/style>\n<div class=\"ld-empty-space ld_spacer_69d80bea0f912\"><span class=\"liquid_empty_space_inner\"><\/span><\/div><style>.ld_fancy_heading_69d80bea0f9c2 p{font-size:16px;line-height:30px;}.ld_fancy_heading_69d80bea0f9c2 .lqd-highlight-inner{height:0.275em;bottom:0px;}<\/style><div class=\"ld-fancy-heading ld_fancy_heading_69d80bea0f9c2\">\n\t<p class=\"lqd-highlight-underline lqd-highlight-grow-left\" ><span class=\"ld-fh-txt\"> La D\u00e9claration universelle des Droits de l\u2019Homme (DUDH) a f\u00eat\u00e9 son 70\u00e8me anniversaire le 10 d\u00e9cembre 2018. A cette occasion, l\u2019Association pour les Nations Unies (APNU) a lanc\u00e9 la campagne \u00ab La D\u00e9claration universelle des Droits de l\u2019Homme, tout un programme ! \u00bb \u00e0 destination des jeunes de la F\u00e9d\u00e9ration Wallonie-Bruxelles \u00e2g\u00e9s de 10 \u00e0 30 ans. L\u2019objectif est de promouvoir aupr\u00e8s des jeunes les valeurs universelles promues par la D\u00e9claration et la citoyennet\u00e9.<\/p>\n<p>Cette campagne fut men\u00e9e avec le soutien de la F\u00e9d\u00e9ration Wallonie-Bruxelles, de la Commission communautaire fran\u00e7aise (COCOF), de la R\u00e9gion wallonne, du Haut-Commissariat des Nations Unies aux Droits de l\u2019Homme (OHCHR), du Centre r\u00e9gional d\u2019information des Nations Unies (UNRIC), du Programme des Nations Unies pour le D\u00e9veloppement (PNUD), du programme f\u00e9d\u00e9ral \u00ab Annoncer la Couleur \u00bb d\u2019Enabel (agence belge de d\u00e9veloppement), d\u2019Amnesty International Belgique francophone ainsi que d\u2019une multitude de partenaires aussi bien publics que priv\u00e9s (voir liste de nos partenaires).<\/p>\n<p>De septembre 2017 \u00e0 d\u00e9cembre 2018, la campagne s\u2019est r\u00e9alis\u00e9e autour de trois piliers principaux :<\/p>\n<p><strong>Toutes les informations disponibles sur : <a href=\"http:\/\/70ansdudh.be\/\">http:\/\/70ansdudh.be\/<\/a><\/strong><\/span><\/p><\/div><style>.ld_spacer_69d80bea0fabb{height:50px;}<\/style>\n<div class=\"ld-empty-space ld_spacer_69d80bea0fabb\"><span class=\"liquid_empty_space_inner\"><\/span><\/div><style>.ld_spacer_69d80bea0fb23{height:10px;}<\/style>\n<div class=\"ld-empty-space ld_spacer_69d80bea0fb23\"><span class=\"liquid_empty_space_inner\"><\/span><\/div><style>.ld_fancy_heading_69d80bea0fba7 .lqd-highlight-inner{height:0.275em;bottom:0px;}<\/style><div class=\"ld-fancy-heading ld_fancy_heading_69d80bea0fba7\">\n\t<h5 class=\"lqd-highlight-underline lqd-highlight-grow-left\" ><span class=\"ld-fh-txt\"> Des appels \u00e0 projets pour les jeunes<\/span><\/h5><\/div><style>.ld_fancy_heading_69d80bea0fc79 p{line-height:30px;}.ld_fancy_heading_69d80bea0fc79 .lqd-highlight-inner{height:0.275em;bottom:0px;}<\/style><div class=\"ld-fancy-heading ld_fancy_heading_69d80bea0fc79\">\n\t<p class=\"lqd-highlight-underline lqd-highlight-grow-left\" ><span class=\"ld-fh-txt\"> \u00c9tablissements d\u2019enseignement primaire, secondaire, sup\u00e9rieur et universitaire et des associations de jeunesse.<\/span><\/p><\/div><style>.ld_spacer_69d80bea0fd14{height:40px;}<\/style>\n<div class=\"ld-empty-space ld_spacer_69d80bea0fd14\"><span class=\"liquid_empty_space_inner\"><\/span><\/div><style>.ld_fancy_heading_69d80bea0fd9f .lqd-highlight-inner{height:0.275em;bottom:0px;}<\/style><div class=\"ld-fancy-heading ld_fancy_heading_69d80bea0fd9f\">\n\t<h5 class=\"lqd-highlight-underline lqd-highlight-grow-left\" ><span class=\"ld-fh-txt\"> Des activit\u00e9s p\u00e9dagogiques, culturelles et informatives<\/span><\/h5><\/div><style>.ld_fancy_heading_69d80bea0fe67 p{line-height:30px;}.ld_fancy_heading_69d80bea0fe67 .lqd-highlight-inner{height:0.275em;bottom:0px;}<\/style><div class=\"ld-fancy-heading ld_fancy_heading_69d80bea0fe67\">\n\t<p class=\"lqd-highlight-underline lqd-highlight-grow-left\" ><span class=\"ld-fh-txt\"> Conf\u00e9rences, d\u00e9bats avec des experts et personnalit\u00e9s dans le domaine des droits humains, projections de films, etc.<\/span><\/p><\/div><style>.ld_spacer_69d80bea0fef7{height:32px;}<\/style>\n<div class=\"ld-empty-space vc_hidden-md vc_hidden-lg ld_spacer_69d80bea0fef7\"><span class=\"liquid_empty_space_inner\"><\/span><\/div><style>.ld_fancy_heading_69d80bea0ff8a .lqd-highlight-inner{height:0.275em;bottom:0px;}<\/style><div class=\"ld-fancy-heading ld_fancy_heading_69d80bea0ff8a\">\n\t<h5 class=\"lqd-highlight-underline lqd-highlight-grow-left\" ><span class=\"ld-fh-txt\"> Un \u00e9v\u00e9nement citoyen<\/span><\/h5><\/div><style>.ld_fancy_heading_69d80bea10050 p{line-height:30px;}.ld_fancy_heading_69d80bea10050 .lqd-highlight-inner{height:0.275em;bottom:0px;}<\/style><div class=\"ld-fancy-heading ld_fancy_heading_69d80bea10050\">\n\t<p class=\"lqd-highlight-underline lqd-highlight-grow-left\" ><span class=\"ld-fh-txt\"> organis\u00e9 le 1er d\u00e9cembre 2018 au Palais des Acad\u00e9mies \u00e0 Bruxelles au cours duquel seront notamment prim\u00e9es les meilleures r\u00e9alisations des diff\u00e9rents appels \u00e0 projets<\/span><\/p><\/div>[vc_column_text]<\/p>\n<p style=\"text-align: left;\"><b>Regardez la video produite par le Centre d&rsquo;Action La\u00efque qui relate l&rsquo;\u00e9v\u00e9nement du 1 er d\u00e9cembre 2018 et a fait l&rsquo;objet de l&rsquo;\u00e9mission de la RTBF: \u00ab\u00a0En qu\u00eate de sens\u00a0\u00bb.\u00a0<\/b><\/p>\n<p><strong><a href=\"https:\/\/youtu.be\/S3nli_oneAE\">https:\/\/youtu.be\/S3nli_oneAE<\/a><\/strong>[\/vc_column_text][\/vc_column][vc_column offset=\u00a0\u00bbvc_col-md-offset-1 vc_col-md-6&Prime;]<div id=\"ld_images_group_container_69d80bea10112\" class=\"liquid-img-group-container ld_images_group_container_69d80bea10112\"  >\n\t<div class=\"liquid-img-group-inner\">\n\t\t\t\n\t<\/div><!-- \/.liquid-img-group-inner -->\n<\/div><!-- \/.liquid-img-group-container -->[vc_video link=\u00a0\u00bbhttps:\/\/youtu.be\/i2Lb1zunzVU\u00a0\u00bb title=\u00a0\u00bbRegardez la video d&rsquo;introduction de la DUDH.\u00a0\u00bb][vc_column_text]<\/p>\n<h4><strong>Acc\u00e9dez \u00e0 l&rsquo;\u00e9dition illustr\u00e9e de la D\u00e9claration universelle des droits de l&rsquo;homme sur le lien:\u00a0\u00a0<a href=\"https:\/\/www.un.org\/fr\/udhrbook\/\">https:\/\/www.un.org\/fr\/udhrbook\/\u00a0<\/a><\/strong><\/h4>\n<p>&nbsp;<\/p>\n<p>[\/vc_column_text][vc_column_text]<\/p>\n<h4>Regardez la video qui rappelle l&rsquo;importance de la DUDH comme exigence \u00e0 atteindre et pr\u00e9sente les grandes lignes de la Campagne de l&rsquo;APNU, une coproduction du CLAV, Centre d&rsquo;Action La\u00efque.<\/h4>\n<p>&nbsp;<\/p>\n<p>[\/vc_column_text][vc_video link=\u00a0\u00bbhttps:\/\/youtu.be\/eAUPB5bBjWk\u00a0\u00bb][\/vc_column][\/vc_row][vc_row][vc_column][vc_column_text]<\/p>\n<h4 style=\"text-align: center;\">C\u00e9r\u00e9monie de cl\u00f4ture de la Campagne sur la Grand-place de Bruxelles le 10 d\u00e9cembre 2018, date du 70 \u00e8me anniversaire de la D\u00e9claration universelle des droits de l&rsquo;Homme.<\/h4>\n<p>[\/vc_column_text][vc_single_image image=\u00a0\u00bb8699&Prime; img_size=\u00a0\u00bb300&#215;200&Prime; alignment=\u00a0\u00bbcenter\u00a0\u00bb][vc_column_text]Lisez le compte-rendu de la c\u00e9r\u00e9monie et regardez les photos de Patrick Willemarck, l&rsquo;un des deux coordinateurs de la Campagne.<\/p>\n<p><strong><a href=\"https:\/\/www.entreleslignes.be\/humeurs\/humeurs-d-un-alterpubliciste\/70-ans-et-un-moment-de-gr%C3%A2ce\">https:\/\/www.entreleslignes.be\/humeurs\/humeurs-d-un-alterpubliciste\/70-ans-et-un-moment-de-gr%C3%A2ce<\/a>\u00a0<\/strong><\/p>\n<p>[\/vc_column_text][vc_separator][vc_separator][\/vc_column][vc_column][vc_column_text]<\/p>\n<h4>Pour tout savoir sur le d\u00e9roulement de la Campagne et ses r\u00e9sultats, lisez le Journal de Campagne sur:<\/h4>\n<p><strong><a href=\"http:\/\/apnu.be\/wp-content\/uploads\/2020\/04\/Journal-de-la-campagne-DUDH.docx\">http:\/\/apnu.be\/wp-content\/uploads\/2020\/04\/Journal-de-la-campagne-DUDH.docx\u00a0<\/a><\/strong><\/p>\n<p>&nbsp;<\/p>\n<p>[\/vc_column_text][\/vc_column][\/vc_row][vc_row][vc_column][vc_column_text]<\/p>\n<h4>Archives de la Campagne.<\/h4>\n<ul>\n<li><strong><a href=\"http:\/\/apnu.be\/wp-content\/uploads\/2020\/05\/Pr\u00e9sentation-campagne-DUDH.pdf\">http:\/\/apnu.be\/wp-content\/uploads\/2020\/05\/Pr\u00e9sentation-campagne-DUDH.pdf<\/a><\/strong><\/li>\n<\/ul>\n<ul>\n<li><a href=\"http:\/\/apnu.be\/wp-content\/uploads\/2020\/05\/Convention-APNU-FWB-pour-la-Campagne-DUDH-08-06-2017.pdf\"><strong>http:\/\/apnu.be\/wp-content\/uploads\/2020\/05\/Convention-APNU-FWB-pour-la-Campagne-DUDH-08-06-2017.pdf<\/strong><\/a><\/li>\n<\/ul>\n<ul>\n<li><strong><a href=\"http:\/\/apnu.be\/wp-content\/uploads\/2020\/05\/DUDH-Vademecum-de-la-Campagne.pdf\">http:\/\/apnu.be\/wp-content\/uploads\/2020\/05\/DUDH-Vademecum-de-la-Campagne.pdf<\/a><\/strong><\/li>\n<\/ul>\n<ul>\n<li><a href=\"http:\/\/apnu.be\/wp-content\/uploads\/2020\/05\/DUDH-R\u00e8glement-des-appels-\u00e0-projets-14-11-2017-D\u00e9finitif.pdf\"><strong>http:\/\/apnu.be\/wp-content\/uploads\/2020\/05\/DUDH-R\u00e8glement-des-appels-\u00e0-projets-14-11-2017-D\u00e9finitif.pd<\/strong>f<\/a><\/li>\n<\/ul>\n<ul>\n<li><strong><a href=\"http:\/\/apnu.be\/wp-content\/uploads\/2020\/05\/DUDH-Appel-\u00e0-projets-\u00e9coles-primaires-et-secondaires-14-11-17.pdf\">http:\/\/apnu.be\/wp-content\/uploads\/2020\/05\/DUDH-Appel-\u00e0-projets-\u00e9coles-primaires-et-secondaires-14-11-17.pdf<\/a><\/strong><\/li>\n<\/ul>\n<ul>\n<li><strong><a href=\"http:\/\/apnu.be\/wp-content\/uploads\/2020\/05\/DUDH-Appel-\u00e0-projets-enseignement-sup\u00e9rieur-14-11-2017.pdf\">http:\/\/apnu.be\/wp-content\/uploads\/2020\/05\/DUDH-Appel-\u00e0-projets-enseignement-sup\u00e9rieur-14-11-2017.pdf<\/a><\/strong><\/li>\n<\/ul>\n<ul>\n<li><a href=\"http:\/\/apnu.be\/wp-content\/uploads\/2020\/05\/DUDH-Appel-\u00e0-projets-organisations-de-jeunesse-14-11-17.pdf\"><strong>http:\/\/apnu.be\/wp-content\/uploads\/2020\/05\/DUDH-Appel-%C3%A0-projets-organisations-de-jeunesse-14-11-17.pdf<\/strong><\/a><\/li>\n<\/ul>\n<ul>\n<li><strong><a href=\"http:\/\/apnu.be\/wp-content\/uploads\/2020\/05\/Demande-de-soutien-financier-pour-les-organisations-de-jeunesse.pdf\">http:\/\/apnu.be\/wp-content\/uploads\/2020\/05\/Demande-de-soutien-financier-pour-les-organisations-de-jeunesse.pdf<\/a><\/strong><\/li>\n<\/ul>\n<p>[\/vc_column_text][\/vc_column][\/vc_row]<\/p>\n<\/div>","protected":false},"excerpt":{"rendered":"<p>[vc_row][vc_column][\/vc_column][\/vc_row][vc_row content_placement=\u00a0\u00bbtop\u00a0\u00bb css=\u00a0\u00bb.vc_custom_1579446780631{padding-top: 40px !important;padding-bottom: 100px !important;}\u00a0\u00bb][vc_column enable_content_animation=\u00a0\u00bbyes\u00a0\u00bb ca_init_scale_x=\u00a0\u00bb1&Prime; ca_init_scale_y=\u00a0\u00bb1&Prime; ca_init_scale_z=\u00a0\u00bb1&Prime; ca_init_opacity=\u00a0\u00bb0&Prime; ca_an_scale_x=\u00a0\u00bb1&Prime; ca_an_scale_y=\u00a0\u00bb1&Prime; ca_an_scale_z=\u00a0\u00bb1&Prime;&#8230;<\/p>\n","protected":false},"author":1,"featured_media":0,"parent":0,"menu_order":0,"comment_status":"closed","ping_status":"closed","template":"","meta":{"footnotes":""},"class_list":["post-8028","page","type-page","status-publish","hentry"],"yoast_head":"<!-- This site is optimized with the Yoast SEO plugin v27.3 - https:\/\/yoast.com\/product\/yoast-seo-wordpress\/ -->\n<title>70ansdudh - APNU<\/title>\n<meta name=\"robots\" content=\"index, follow, max-snippet:-1, max-image-preview:large, max-video-preview:-1\" \/>\n<link rel=\"canonical\" href=\"https:\/\/apnu.be\/index.php\/70ansdudh\/\" \/>\n<meta property=\"og:locale\" content=\"fr_FR\" \/>\n<meta property=\"og:type\" content=\"article\" \/>\n<meta property=\"og:title\" content=\"70ansdudh - APNU\" \/>\n<meta property=\"og:description\" content=\"[vc_row][vc_column][\/vc_column][\/vc_row][vc_row content_placement=\u00a0\u00bbtop\u00a0\u00bb css=\u00a0\u00bb.vc_custom_1579446780631{padding-top: 40px !important;padding-bottom: 100px !important;}\u00a0\u00bb][vc_column enable_content_animation=\u00a0\u00bbyes\u00a0\u00bb ca_init_scale_x=\u00a0\u00bb1&Prime; ca_init_scale_y=\u00a0\u00bb1&Prime; ca_init_scale_z=\u00a0\u00bb1&Prime; ca_init_opacity=\u00a0\u00bb0&Prime; ca_an_scale_x=\u00a0\u00bb1&Prime; ca_an_scale_y=\u00a0\u00bb1&Prime; ca_an_scale_z=\u00a0\u00bb1&Prime;...\" \/>\n<meta property=\"og:url\" content=\"https:\/\/apnu.be\/index.php\/70ansdudh\/\" \/>\n<meta property=\"og:site_name\" content=\"APNU\" \/>\n<meta property=\"article:modified_time\" content=\"2020-05-01T13:56:19+00:00\" \/>\n<meta name=\"twitter:card\" content=\"summary_large_image\" \/>\n<meta name=\"twitter:label1\" content=\"Dur\u00e9e de lecture estim\u00e9e\" \/>\n\t<meta name=\"twitter:data1\" content=\"4 minutes\" \/>\n<script type=\"application\/ld+json\" class=\"yoast-schema-graph\">{\"@context\":\"https:\\\/\\\/schema.org\",\"@graph\":[{\"@type\":\"WebPage\",\"@id\":\"https:\\\/\\\/apnu.be\\\/index.php\\\/70ansdudh\\\/\",\"url\":\"https:\\\/\\\/apnu.be\\\/index.php\\\/70ansdudh\\\/\",\"name\":\"70ansdudh - APNU\",\"isPartOf\":{\"@id\":\"https:\\\/\\\/apnu.be\\\/#website\"},\"datePublished\":\"2020-01-19T15:09:55+00:00\",\"dateModified\":\"2020-05-01T13:56:19+00:00\",\"breadcrumb\":{\"@id\":\"https:\\\/\\\/apnu.be\\\/index.php\\\/70ansdudh\\\/#breadcrumb\"},\"inLanguage\":\"fr-FR\",\"potentialAction\":[{\"@type\":\"ReadAction\",\"target\":[\"https:\\\/\\\/apnu.be\\\/index.php\\\/70ansdudh\\\/\"]}]},{\"@type\":\"BreadcrumbList\",\"@id\":\"https:\\\/\\\/apnu.be\\\/index.php\\\/70ansdudh\\\/#breadcrumb\",\"itemListElement\":[{\"@type\":\"ListItem\",\"position\":1,\"name\":\"Accueil\",\"item\":\"https:\\\/\\\/apnu.be\\\/\"},{\"@type\":\"ListItem\",\"position\":2,\"name\":\"70ansdudh\"}]},{\"@type\":\"WebSite\",\"@id\":\"https:\\\/\\\/apnu.be\\\/#website\",\"url\":\"https:\\\/\\\/apnu.be\\\/\",\"name\":\"APNU\",\"description\":\"L\u2019Association pour les Nations Unies (A.P.N.U.). Association sans but lucratif (A.S.B.L.)\",\"potentialAction\":[{\"@type\":\"SearchAction\",\"target\":{\"@type\":\"EntryPoint\",\"urlTemplate\":\"https:\\\/\\\/apnu.be\\\/?s={search_term_string}\"},\"query-input\":{\"@type\":\"PropertyValueSpecification\",\"valueRequired\":true,\"valueName\":\"search_term_string\"}}],\"inLanguage\":\"fr-FR\"}]}<\/script>\n<!-- \/ Yoast SEO plugin. -->","yoast_head_json":{"title":"70ansdudh - APNU","robots":{"index":"index","follow":"follow","max-snippet":"max-snippet:-1","max-image-preview":"max-image-preview:large","max-video-preview":"max-video-preview:-1"},"canonical":"https:\/\/apnu.be\/index.php\/70ansdudh\/","og_locale":"fr_FR","og_type":"article","og_title":"70ansdudh - APNU","og_description":"[vc_row][vc_column][\/vc_column][\/vc_row][vc_row content_placement=\u00a0\u00bbtop\u00a0\u00bb css=\u00a0\u00bb.vc_custom_1579446780631{padding-top: 40px !important;padding-bottom: 100px !important;}\u00a0\u00bb][vc_column enable_content_animation=\u00a0\u00bbyes\u00a0\u00bb ca_init_scale_x=\u00a0\u00bb1&Prime; ca_init_scale_y=\u00a0\u00bb1&Prime; ca_init_scale_z=\u00a0\u00bb1&Prime; ca_init_opacity=\u00a0\u00bb0&Prime; ca_an_scale_x=\u00a0\u00bb1&Prime; ca_an_scale_y=\u00a0\u00bb1&Prime; ca_an_scale_z=\u00a0\u00bb1&Prime;...","og_url":"https:\/\/apnu.be\/index.php\/70ansdudh\/","og_site_name":"APNU","article_modified_time":"2020-05-01T13:56:19+00:00","twitter_card":"summary_large_image","twitter_misc":{"Dur\u00e9e de lecture estim\u00e9e":"4 minutes"},"schema":{"@context":"https:\/\/schema.org","@graph":[{"@type":"WebPage","@id":"https:\/\/apnu.be\/index.php\/70ansdudh\/","url":"https:\/\/apnu.be\/index.php\/70ansdudh\/","name":"70ansdudh - APNU","isPartOf":{"@id":"https:\/\/apnu.be\/#website"},"datePublished":"2020-01-19T15:09:55+00:00","dateModified":"2020-05-01T13:56:19+00:00","breadcrumb":{"@id":"https:\/\/apnu.be\/index.php\/70ansdudh\/#breadcrumb"},"inLanguage":"fr-FR","potentialAction":[{"@type":"ReadAction","target":["https:\/\/apnu.be\/index.php\/70ansdudh\/"]}]},{"@type":"BreadcrumbList","@id":"https:\/\/apnu.be\/index.php\/70ansdudh\/#breadcrumb","itemListElement":[{"@type":"ListItem","position":1,"name":"Accueil","item":"https:\/\/apnu.be\/"},{"@type":"ListItem","position":2,"name":"70ansdudh"}]},{"@type":"WebSite","@id":"https:\/\/apnu.be\/#website","url":"https:\/\/apnu.be\/","name":"APNU","description":"L\u2019Association pour les Nations Unies (A.P.N.U.). Association sans but lucratif (A.S.B.L.)","potentialAction":[{"@type":"SearchAction","target":{"@type":"EntryPoint","urlTemplate":"https:\/\/apnu.be\/?s={search_term_string}"},"query-input":{"@type":"PropertyValueSpecification","valueRequired":true,"valueName":"search_term_string"}}],"inLanguage":"fr-FR"}]}},"jetpack_sharing_enabled":true,"_links":{"self":[{"href":"https:\/\/apnu.be\/index.php\/wp-json\/wp\/v2\/pages\/8028","targetHints":{"allow":["GET"]}}],"collection":[{"href":"https:\/\/apnu.be\/index.php\/wp-json\/wp\/v2\/pages"}],"about":[{"href":"https:\/\/apnu.be\/index.php\/wp-json\/wp\/v2\/types\/page"}],"author":[{"embeddable":true,"href":"https:\/\/apnu.be\/index.php\/wp-json\/wp\/v2\/users\/1"}],"replies":[{"embeddable":true,"href":"https:\/\/apnu.be\/index.php\/wp-json\/wp\/v2\/comments?post=8028"}],"version-history":[{"count":29,"href":"https:\/\/apnu.be\/index.php\/wp-json\/wp\/v2\/pages\/8028\/revisions"}],"predecessor-version":[{"id":8742,"href":"https:\/\/apnu.be\/index.php\/wp-json\/wp\/v2\/pages\/8028\/revisions\/8742"}],"wp:attachment":[{"href":"https:\/\/apnu.be\/index.php\/wp-json\/wp\/v2\/media?parent=8028"}],"curies":[{"name":"wp","href":"https:\/\/api.w.org\/{rel}","templated":true}]}}