{"id":8008,"date":"2020-01-08T19:34:58","date_gmt":"2020-01-08T18:34:58","guid":{"rendered":"http:\/\/apnu.be\/?page_id=8008"},"modified":"2020-01-08T19:40:10","modified_gmt":"2020-01-08T18:40:10","slug":"dons","status":"publish","type":"page","link":"https:\/\/apnu.be\/index.php\/dons\/","title":{"rendered":"Dons"},"content":{"rendered":"<div class=\"wpb-content-wrapper\"><p>[vc_row css=\u00a0\u00bb.vc_custom_1578508809595{margin-top: 50px !important;margin-bottom: 50px !important;padding-top: 50px !important;padding-bottom: 50px !important;}\u00a0\u00bb][vc_column offset=\u00a0\u00bbvc_col-md-5&Prime;]<style>@media (min-width: 992px) { .ld_fancy_heading_6a078edc2fca7 h2 {margin-bottom:0.2em !important;  }  } .ld_fancy_heading_6a078edc2fca7 .lqd-highlight-inner{height:0.275em;bottom:0px;}@media (min-width: 992px) { .ld_fancy_heading_6a078edc2fca7 h2 {margin-bottom:0.2em !important;  }  } <\/style><div class=\"ld-fancy-heading text-uppercase ld_fancy_heading_6a078edc2fca7\">\n\t<h2 class=\"lqd-highlight-underline lqd-highlight-grow-left\" ><span class=\"ld-fh-txt\"> <\/p>\n<h2>Faire un don<\/h2>\n<p><\/span><\/h2><\/div><style>.ld_fancy_heading_6a078edc2ff4b h3{font-size:14px;letter-spacing:0.05em;color:rgb(36, 147, 224);}.ld_fancy_heading_6a078edc2ff4b .lqd-highlight-inner{height:0.275em;bottom:0px;}<\/style><div class=\"ld-fancy-heading text-uppercase ld_fancy_heading_6a078edc2ff4b\">\n\t<h3 class=\"lqd-highlight-underline lqd-highlight-grow-left\" ><span class=\"ld-fh-txt\"> Comme toutes les associations, l\u2019APNU a besoin de l\u2019appui financier de ses sympathisants.<\/span><\/h3><\/div><style>.ld_spacer_6a078edc30005{height:28px;}<\/style>\n<div class=\"ld-empty-space ld_spacer_6a078edc30005\"><span class=\"liquid_empty_space_inner\"><\/span><\/div>[vc_separator color=\u00a0\u00bbcustom\u00a0\u00bb align=\u00a0\u00bbalign_left\u00a0\u00bb el_width=\u00a0\u00bb10&Prime; accent_color=\u00a0\u00bb#ff7a4b\u00a0\u00bb]<style>.ld_fancy_heading_6a078edc300ae .lqd-highlight-inner{height:0.275em;bottom:0px;}<\/style><div class=\"ld-fancy-heading ld_fancy_heading_6a078edc300ae\">\n\t<p class=\"lqd-highlight-underline lqd-highlight-grow-left\" ><span class=\"ld-fh-txt\"> Vos dons nous permettent de financer de nouvelles activit\u00e9s, de limiter notre d\u00e9pendance vis-\u00e0-vis des subsides publics, de d\u00e9montrer l\u2019appui de notre base sociale et de compl\u00e9ter le financement de nos frais administratifs, sans lesquels l\u2019organisation ne pourrait pas fonctionner.<\/span><\/p><\/div><style>.ld_spacer_6a078edc30138{height:40px;}<\/style>\n<div class=\"ld-empty-space ld_spacer_6a078edc30138\"><span class=\"liquid_empty_space_inner\"><\/span><\/div><style>.ld_fancy_heading_6a078edc301d2 .lqd-highlight-inner{height:0.275em;bottom:0px;}<\/style><div class=\"ld-fancy-heading ld_fancy_heading_6a078edc301d2\">\n\t<p class=\"lqd-highlight-underline lqd-highlight-grow-left\" ><span class=\"ld-fh-txt\"> COMPTE DE L\u2019APNU ASBL : BE69 7340 2636 1878<br \/>\nRue St\u00e9vin, 115 1000 Bruxelles<\/span><\/p><\/div><style>.ld_spacer_6a078edc30265{height:32px;}<\/style>\n<div class=\"ld-empty-space ld_spacer_6a078edc30265\"><span class=\"liquid_empty_space_inner\"><\/span><\/div>[\/vc_column][vc_column align=\u00a0\u00bbtext-center\u00a0\u00bb offset=\u00a0\u00bbvc_col-md-offset-1 vc_col-md-6&Prime;]<div id=\"ld_images_group_container_6a078edc302f6\" class=\"liquid-img-group-container ld_images_group_container_6a078edc302f6\"  >\n\t<div class=\"liquid-img-group-inner\">\n\t\t<div id=\"ld_images_group_element_6a078edc30527\" class=\"liquid-img-group-single ld_images_group_element_6a078edc30527\" data-reveal=\"true\" data-reveal-options='{\"direction\":\"lr\",\"bgcolor\":\"\",\"delay\":\"\"}'>\n\t\n\t\t\n\t<div class=\"liquid-img-group-img-container\">\n\t\t\n\t\t\n\t\t\t\t\n\t\t\t\t<div class=\"liquid-img-container-inner\" >\n\t\t\t<figure ><img loading=\"lazy\" decoding=\"async\" width=\"6000\" height=\"4000\" src=\"data:image\/svg+xml;charset=utf-8,&lt;svg xmlns%3D&#039;http%3A%2F%2Fwww.w3.org%2F2000%2Fsvg&#039; viewBox%3D&#039;0 0  &#039;%2F&gt;\" class=\"attachment-full size-full ld-lazyload\" alt=\"\" srcset=\"\" sizes=\"auto, (max-width: 780px) 100vw, 780px\" data-src=\"https:\/\/apnu.be\/wp-content\/uploads\/2019\/12\/UN-Human-Rights-Coucil-_L_814874.jpg\" data-srcset=\"https:\/\/i0.wp.com\/apnu.be\/wp-content\/uploads\/2019\/12\/UN-Human-Rights-Coucil-_L_814874.jpg?w=6000&amp;ssl=1 6000w, https:\/\/i0.wp.com\/apnu.be\/wp-content\/uploads\/2019\/12\/UN-Human-Rights-Coucil-_L_814874.jpg?resize=300%2C200&amp;ssl=1 300w, https:\/\/i0.wp.com\/apnu.be\/wp-content\/uploads\/2019\/12\/UN-Human-Rights-Coucil-_L_814874.jpg?resize=1024%2C683&amp;ssl=1 1024w, https:\/\/i0.wp.com\/apnu.be\/wp-content\/uploads\/2019\/12\/UN-Human-Rights-Coucil-_L_814874.jpg?w=1560&amp;ssl=1 1560w, https:\/\/i0.wp.com\/apnu.be\/wp-content\/uploads\/2019\/12\/UN-Human-Rights-Coucil-_L_814874.jpg?w=2340&amp;ssl=1 2340w\" data-aspect=\"\" \/><\/figure>\t\t\t\t\t<\/div><!-- \/.liquid-img-container-inner -->\n\t\t\n\t<\/div><!-- \/.liquid-img-group-content -->\n<\/div><!-- \/.liquid-img-group-single -->\n\t\n\t<\/div><!-- \/.liquid-img-group-inner -->\n<\/div><!-- \/.liquid-img-group-container --><style>.ld_fancy_heading_6a078edc3522d p{font-size:14px;letter-spacing:0.05em;}@media (min-width: 992px) { .ld_fancy_heading_6a078edc3522d p {margin-top:-10px !important;  }  } .ld_fancy_heading_6a078edc3522d .lqd-highlight-inner{height:0.275em;bottom:0px;}@media (min-width: 992px) { .ld_fancy_heading_6a078edc3522d p {margin-top:-10px !important;  }  } <\/style><div class=\"ld-fancy-heading ld_fancy_heading_6a078edc3522d\">\n\t<p class=\"lqd-highlight-underline lqd-highlight-grow-left\" ><span class=\"ld-fh-txt\"> On your own, you see. On a tour, you do.<\/span><\/p><\/div>[\/vc_column][\/vc_row]<\/p>\n<\/div>","protected":false},"excerpt":{"rendered":"<p>[vc_row css=\u00a0\u00bb.vc_custom_1578508809595{margin-top: 50px !important;margin-bottom: 50px !important;padding-top: 50px !important;padding-bottom: 50px !important;}\u00a0\u00bb][vc_column offset=\u00a0\u00bbvc_col-md-5&Prime;][vc_separator color=\u00a0\u00bbcustom\u00a0\u00bb align=\u00a0\u00bbalign_left\u00a0\u00bb el_width=\u00a0\u00bb10&Prime; accent_color=\u00a0\u00bb#ff7a4b\u00a0\u00bb][\/vc_column][vc_column&#8230;<\/p>\n","protected":false},"author":1,"featured_media":0,"parent":0,"menu_order":0,"comment_status":"closed","ping_status":"closed","template":"","meta":{"footnotes":""},"class_list":["post-8008","page","type-page","status-publish","hentry"],"yoast_head":"<!-- This site is optimized with the Yoast SEO plugin v27.6 - https:\/\/yoast.com\/product\/yoast-seo-wordpress\/ -->\n<title>Dons - APNU<\/title>\n<meta name=\"robots\" content=\"index, follow, max-snippet:-1, max-image-preview:large, max-video-preview:-1\" \/>\n<link rel=\"canonical\" href=\"https:\/\/apnu.be\/index.php\/dons\/\" \/>\n<meta property=\"og:locale\" content=\"fr_FR\" \/>\n<meta property=\"og:type\" content=\"article\" \/>\n<meta property=\"og:title\" content=\"Dons - APNU\" \/>\n<meta property=\"og:description\" content=\"[vc_row css=\u00a0\u00bb.vc_custom_1578508809595{margin-top: 50px !important;margin-bottom: 50px !important;padding-top: 50px !important;padding-bottom: 50px !important;}\u00a0\u00bb][vc_column offset=\u00a0\u00bbvc_col-md-5&Prime;][vc_separator color=\u00a0\u00bbcustom\u00a0\u00bb align=\u00a0\u00bbalign_left\u00a0\u00bb el_width=\u00a0\u00bb10&Prime; accent_color=\u00a0\u00bb#ff7a4b\u00a0\u00bb][\/vc_column][vc_column...\" \/>\n<meta property=\"og:url\" content=\"https:\/\/apnu.be\/index.php\/dons\/\" \/>\n<meta property=\"og:site_name\" content=\"APNU\" \/>\n<meta property=\"article:modified_time\" content=\"2020-01-08T18:40:10+00:00\" \/>\n<meta name=\"twitter:card\" content=\"summary_large_image\" \/>\n<meta name=\"twitter:label1\" content=\"Dur\u00e9e de lecture estim\u00e9e\" \/>\n\t<meta name=\"twitter:data1\" content=\"1 minute\" \/>\n<script type=\"application\/ld+json\" class=\"yoast-schema-graph\">{\"@context\":\"https:\\\/\\\/schema.org\",\"@graph\":[{\"@type\":\"WebPage\",\"@id\":\"https:\\\/\\\/apnu.be\\\/index.php\\\/dons\\\/\",\"url\":\"https:\\\/\\\/apnu.be\\\/index.php\\\/dons\\\/\",\"name\":\"Dons - APNU\",\"isPartOf\":{\"@id\":\"https:\\\/\\\/apnu.be\\\/#website\"},\"datePublished\":\"2020-01-08T18:34:58+00:00\",\"dateModified\":\"2020-01-08T18:40:10+00:00\",\"breadcrumb\":{\"@id\":\"https:\\\/\\\/apnu.be\\\/index.php\\\/dons\\\/#breadcrumb\"},\"inLanguage\":\"fr-FR\",\"potentialAction\":[{\"@type\":\"ReadAction\",\"target\":[\"https:\\\/\\\/apnu.be\\\/index.php\\\/dons\\\/\"]}]},{\"@type\":\"BreadcrumbList\",\"@id\":\"https:\\\/\\\/apnu.be\\\/index.php\\\/dons\\\/#breadcrumb\",\"itemListElement\":[{\"@type\":\"ListItem\",\"position\":1,\"name\":\"Accueil\",\"item\":\"https:\\\/\\\/apnu.be\\\/\"},{\"@type\":\"ListItem\",\"position\":2,\"name\":\"Dons\"}]},{\"@type\":\"WebSite\",\"@id\":\"https:\\\/\\\/apnu.be\\\/#website\",\"url\":\"https:\\\/\\\/apnu.be\\\/\",\"name\":\"APNU\",\"description\":\"L\u2019Association pour les Nations Unies (A.P.N.U.). Association sans but lucratif (A.S.B.L.)\",\"potentialAction\":[{\"@type\":\"SearchAction\",\"target\":{\"@type\":\"EntryPoint\",\"urlTemplate\":\"https:\\\/\\\/apnu.be\\\/?s={search_term_string}\"},\"query-input\":{\"@type\":\"PropertyValueSpecification\",\"valueRequired\":true,\"valueName\":\"search_term_string\"}}],\"inLanguage\":\"fr-FR\"}]}<\/script>\n<!-- \/ Yoast SEO plugin. -->","yoast_head_json":{"title":"Dons - APNU","robots":{"index":"index","follow":"follow","max-snippet":"max-snippet:-1","max-image-preview":"max-image-preview:large","max-video-preview":"max-video-preview:-1"},"canonical":"https:\/\/apnu.be\/index.php\/dons\/","og_locale":"fr_FR","og_type":"article","og_title":"Dons - APNU","og_description":"[vc_row css=\u00a0\u00bb.vc_custom_1578508809595{margin-top: 50px !important;margin-bottom: 50px !important;padding-top: 50px !important;padding-bottom: 50px !important;}\u00a0\u00bb][vc_column offset=\u00a0\u00bbvc_col-md-5&Prime;][vc_separator color=\u00a0\u00bbcustom\u00a0\u00bb align=\u00a0\u00bbalign_left\u00a0\u00bb el_width=\u00a0\u00bb10&Prime; accent_color=\u00a0\u00bb#ff7a4b\u00a0\u00bb][\/vc_column][vc_column...","og_url":"https:\/\/apnu.be\/index.php\/dons\/","og_site_name":"APNU","article_modified_time":"2020-01-08T18:40:10+00:00","twitter_card":"summary_large_image","twitter_misc":{"Dur\u00e9e de lecture estim\u00e9e":"1 minute"},"schema":{"@context":"https:\/\/schema.org","@graph":[{"@type":"WebPage","@id":"https:\/\/apnu.be\/index.php\/dons\/","url":"https:\/\/apnu.be\/index.php\/dons\/","name":"Dons - APNU","isPartOf":{"@id":"https:\/\/apnu.be\/#website"},"datePublished":"2020-01-08T18:34:58+00:00","dateModified":"2020-01-08T18:40:10+00:00","breadcrumb":{"@id":"https:\/\/apnu.be\/index.php\/dons\/#breadcrumb"},"inLanguage":"fr-FR","potentialAction":[{"@type":"ReadAction","target":["https:\/\/apnu.be\/index.php\/dons\/"]}]},{"@type":"BreadcrumbList","@id":"https:\/\/apnu.be\/index.php\/dons\/#breadcrumb","itemListElement":[{"@type":"ListItem","position":1,"name":"Accueil","item":"https:\/\/apnu.be\/"},{"@type":"ListItem","position":2,"name":"Dons"}]},{"@type":"WebSite","@id":"https:\/\/apnu.be\/#website","url":"https:\/\/apnu.be\/","name":"APNU","description":"L\u2019Association pour les Nations Unies (A.P.N.U.). Association sans but lucratif (A.S.B.L.)","potentialAction":[{"@type":"SearchAction","target":{"@type":"EntryPoint","urlTemplate":"https:\/\/apnu.be\/?s={search_term_string}"},"query-input":{"@type":"PropertyValueSpecification","valueRequired":true,"valueName":"search_term_string"}}],"inLanguage":"fr-FR"}]}},"jetpack_sharing_enabled":true,"_links":{"self":[{"href":"https:\/\/apnu.be\/index.php\/wp-json\/wp\/v2\/pages\/8008","targetHints":{"allow":["GET"]}}],"collection":[{"href":"https:\/\/apnu.be\/index.php\/wp-json\/wp\/v2\/pages"}],"about":[{"href":"https:\/\/apnu.be\/index.php\/wp-json\/wp\/v2\/types\/page"}],"author":[{"embeddable":true,"href":"https:\/\/apnu.be\/index.php\/wp-json\/wp\/v2\/users\/1"}],"replies":[{"embeddable":true,"href":"https:\/\/apnu.be\/index.php\/wp-json\/wp\/v2\/comments?post=8008"}],"version-history":[{"count":9,"href":"https:\/\/apnu.be\/index.php\/wp-json\/wp\/v2\/pages\/8008\/revisions"}],"predecessor-version":[{"id":8013,"href":"https:\/\/apnu.be\/index.php\/wp-json\/wp\/v2\/pages\/8008\/revisions\/8013"}],"wp:attachment":[{"href":"https:\/\/apnu.be\/index.php\/wp-json\/wp\/v2\/media?parent=8008"}],"curies":[{"name":"wp","href":"https:\/\/api.w.org\/{rel}","templated":true}]}}