{"id":7946,"date":"2019-12-17T17:09:20","date_gmt":"2019-12-17T16:09:20","guid":{"rendered":"http:\/\/apnu.be\/?page_id=7946"},"modified":"2022-12-20T11:26:35","modified_gmt":"2022-12-20T10:26:35","slug":"activites","status":"publish","type":"page","link":"https:\/\/apnu.be\/index.php\/activites\/","title":{"rendered":"Activit\u00e9s"},"content":{"rendered":"\n<div style=\"height:100px\" aria-hidden=\"true\" class=\"wp-block-spacer\"><\/div>\n\n\n<div class=\"wpb_text_column wpb_content_element \">\n<div class=\"wpb_wrapper\">\n<p><strong><span style=\"color: #000000;\">D\u00e9couvrez nos activit\u00e9s :<\/span><br \/><\/strong><\/p>\n<ul>\n<li><span style=\"color: #0da8db;\"><strong><span style=\"text-decoration: underline;\"><a class=\"\" style=\"color: #0da8db; text-decoration: underline;\" href=\"http:\/\/apnu.be\/index.php\/activites\/conferences\/\" target=\"\" rel=\"noopener noreferrer\">Conf\u00e9rences<\/a><\/span><\/strong><\/span><\/li>\n<li><span style=\"color: #0da8db;\"><strong><span style=\"text-decoration: underline;\"><a style=\"color: #0da8db; text-decoration: underline;\" href=\"http:\/\/apnu.be\/index.php\/70ansdudh\/\">70 ans du DH<\/a><\/span><\/strong><\/span><\/li>\n<li><span style=\"color: #0da8db;\"><strong><span style=\"text-decoration: underline;\"><a style=\"color: #0da8db; text-decoration: underline;\" href=\"http:\/\/apnu.be\/index.php\/festival-millenium\/\">Festival Mill\u00e9nium<\/a><\/span><\/strong><\/span><\/li>\n<li><span style=\"color: #0da8db;\"><strong><span style=\"text-decoration: underline;\"><a style=\"color: #0da8db; text-decoration: underline;\" href=\"http:\/\/apnu.be\/index.php\/mun\/\">Les Model United Nations (MUN)<\/a><\/span><\/strong><\/span><\/li>\n<li><span style=\"color: #0da8db;\"><strong><span style=\"text-decoration: underline;\"><a style=\"color: #0da8db; text-decoration: underline;\" href=\"http:\/\/apnu.be\/index.php\/activites\/autres-activites\/\">Autres activit\u00e9s<\/a><\/span><\/strong><\/span><\/li>\n<\/ul>\n<\/div>\n<\/div>\n<div id=\"ConnectiveDocSignExtentionInstalled\" data-extension-version=\"1.0.4\">\u00a0<\/div>","protected":false},"excerpt":{"rendered":"<p>D\u00e9couvrez nos activit\u00e9s : Conf\u00e9rences 70 ans du DH Festival Mill\u00e9nium Les Model United Nations&#8230;<\/p>\n","protected":false},"author":1,"featured_media":0,"parent":0,"menu_order":0,"comment_status":"closed","ping_status":"closed","template":"","meta":{"footnotes":""},"class_list":["post-7946","page","type-page","status-publish","hentry"],"yoast_head":"<!-- This site is optimized with the Yoast SEO plugin v27.4 - https:\/\/yoast.com\/product\/yoast-seo-wordpress\/ -->\n<title>Activit\u00e9s - APNU<\/title>\n<meta name=\"robots\" content=\"index, follow, max-snippet:-1, max-image-preview:large, max-video-preview:-1\" \/>\n<link rel=\"canonical\" href=\"https:\/\/apnu.be\/index.php\/activites\/\" \/>\n<meta property=\"og:locale\" content=\"fr_FR\" \/>\n<meta property=\"og:type\" content=\"article\" \/>\n<meta property=\"og:title\" content=\"Activit\u00e9s - APNU\" \/>\n<meta property=\"og:description\" content=\"D\u00e9couvrez nos activit\u00e9s : Conf\u00e9rences 70 ans du DH Festival Mill\u00e9nium Les Model United Nations...\" \/>\n<meta property=\"og:url\" content=\"https:\/\/apnu.be\/index.php\/activites\/\" \/>\n<meta property=\"og:site_name\" content=\"APNU\" \/>\n<meta property=\"article:modified_time\" content=\"2022-12-20T10:26:35+00:00\" \/>\n<meta name=\"twitter:card\" content=\"summary_large_image\" \/>\n<meta name=\"twitter:label1\" content=\"Dur\u00e9e de lecture estim\u00e9e\" \/>\n\t<meta name=\"twitter:data1\" content=\"1 minute\" \/>\n<script type=\"application\/ld+json\" class=\"yoast-schema-graph\">{\"@context\":\"https:\\\/\\\/schema.org\",\"@graph\":[{\"@type\":\"WebPage\",\"@id\":\"https:\\\/\\\/apnu.be\\\/index.php\\\/activites\\\/\",\"url\":\"https:\\\/\\\/apnu.be\\\/index.php\\\/activites\\\/\",\"name\":\"Activit\u00e9s - APNU\",\"isPartOf\":{\"@id\":\"https:\\\/\\\/apnu.be\\\/#website\"},\"datePublished\":\"2019-12-17T16:09:20+00:00\",\"dateModified\":\"2022-12-20T10:26:35+00:00\",\"breadcrumb\":{\"@id\":\"https:\\\/\\\/apnu.be\\\/index.php\\\/activites\\\/#breadcrumb\"},\"inLanguage\":\"fr-FR\",\"potentialAction\":[{\"@type\":\"ReadAction\",\"target\":[\"https:\\\/\\\/apnu.be\\\/index.php\\\/activites\\\/\"]}]},{\"@type\":\"BreadcrumbList\",\"@id\":\"https:\\\/\\\/apnu.be\\\/index.php\\\/activites\\\/#breadcrumb\",\"itemListElement\":[{\"@type\":\"ListItem\",\"position\":1,\"name\":\"Accueil\",\"item\":\"https:\\\/\\\/apnu.be\\\/\"},{\"@type\":\"ListItem\",\"position\":2,\"name\":\"Activit\u00e9s\"}]},{\"@type\":\"WebSite\",\"@id\":\"https:\\\/\\\/apnu.be\\\/#website\",\"url\":\"https:\\\/\\\/apnu.be\\\/\",\"name\":\"APNU\",\"description\":\"L\u2019Association pour les Nations Unies (A.P.N.U.). Association sans but lucratif (A.S.B.L.)\",\"potentialAction\":[{\"@type\":\"SearchAction\",\"target\":{\"@type\":\"EntryPoint\",\"urlTemplate\":\"https:\\\/\\\/apnu.be\\\/?s={search_term_string}\"},\"query-input\":{\"@type\":\"PropertyValueSpecification\",\"valueRequired\":true,\"valueName\":\"search_term_string\"}}],\"inLanguage\":\"fr-FR\"}]}<\/script>\n<!-- \/ Yoast SEO plugin. -->","yoast_head_json":{"title":"Activit\u00e9s - APNU","robots":{"index":"index","follow":"follow","max-snippet":"max-snippet:-1","max-image-preview":"max-image-preview:large","max-video-preview":"max-video-preview:-1"},"canonical":"https:\/\/apnu.be\/index.php\/activites\/","og_locale":"fr_FR","og_type":"article","og_title":"Activit\u00e9s - APNU","og_description":"D\u00e9couvrez nos activit\u00e9s : Conf\u00e9rences 70 ans du DH Festival Mill\u00e9nium Les Model United Nations...","og_url":"https:\/\/apnu.be\/index.php\/activites\/","og_site_name":"APNU","article_modified_time":"2022-12-20T10:26:35+00:00","twitter_card":"summary_large_image","twitter_misc":{"Dur\u00e9e de lecture estim\u00e9e":"1 minute"},"schema":{"@context":"https:\/\/schema.org","@graph":[{"@type":"WebPage","@id":"https:\/\/apnu.be\/index.php\/activites\/","url":"https:\/\/apnu.be\/index.php\/activites\/","name":"Activit\u00e9s - APNU","isPartOf":{"@id":"https:\/\/apnu.be\/#website"},"datePublished":"2019-12-17T16:09:20+00:00","dateModified":"2022-12-20T10:26:35+00:00","breadcrumb":{"@id":"https:\/\/apnu.be\/index.php\/activites\/#breadcrumb"},"inLanguage":"fr-FR","potentialAction":[{"@type":"ReadAction","target":["https:\/\/apnu.be\/index.php\/activites\/"]}]},{"@type":"BreadcrumbList","@id":"https:\/\/apnu.be\/index.php\/activites\/#breadcrumb","itemListElement":[{"@type":"ListItem","position":1,"name":"Accueil","item":"https:\/\/apnu.be\/"},{"@type":"ListItem","position":2,"name":"Activit\u00e9s"}]},{"@type":"WebSite","@id":"https:\/\/apnu.be\/#website","url":"https:\/\/apnu.be\/","name":"APNU","description":"L\u2019Association pour les Nations Unies (A.P.N.U.). Association sans but lucratif (A.S.B.L.)","potentialAction":[{"@type":"SearchAction","target":{"@type":"EntryPoint","urlTemplate":"https:\/\/apnu.be\/?s={search_term_string}"},"query-input":{"@type":"PropertyValueSpecification","valueRequired":true,"valueName":"search_term_string"}}],"inLanguage":"fr-FR"}]}},"jetpack_sharing_enabled":true,"_links":{"self":[{"href":"https:\/\/apnu.be\/index.php\/wp-json\/wp\/v2\/pages\/7946","targetHints":{"allow":["GET"]}}],"collection":[{"href":"https:\/\/apnu.be\/index.php\/wp-json\/wp\/v2\/pages"}],"about":[{"href":"https:\/\/apnu.be\/index.php\/wp-json\/wp\/v2\/types\/page"}],"author":[{"embeddable":true,"href":"https:\/\/apnu.be\/index.php\/wp-json\/wp\/v2\/users\/1"}],"replies":[{"embeddable":true,"href":"https:\/\/apnu.be\/index.php\/wp-json\/wp\/v2\/comments?post=7946"}],"version-history":[{"count":56,"href":"https:\/\/apnu.be\/index.php\/wp-json\/wp\/v2\/pages\/7946\/revisions"}],"predecessor-version":[{"id":9922,"href":"https:\/\/apnu.be\/index.php\/wp-json\/wp\/v2\/pages\/7946\/revisions\/9922"}],"wp:attachment":[{"href":"https:\/\/apnu.be\/index.php\/wp-json\/wp\/v2\/media?parent=7946"}],"curies":[{"name":"wp","href":"https:\/\/api.w.org\/{rel}","templated":true}]}}