{"id":5624,"date":"2018-10-24T09:37:20","date_gmt":"2018-10-24T09:37:20","guid":{"rendered":"http:\/\/onetwo.themerella.com\/?page_id=5624"},"modified":"2018-10-24T09:37:20","modified_gmt":"2018-10-24T09:37:20","slug":"date","status":"publish","type":"page","link":"https:\/\/apnu.be\/index.php\/date\/","title":{"rendered":"Date"},"content":{"rendered":"<div class=\"wpb-content-wrapper\"><p>\t\t\t\t[vc_row][vc_column]<style>.ld_spacer_69e1486b20623{height:70px;}<\/style>\n<div class=\"ld-empty-space ld_spacer_69e1486b20623\"><span class=\"liquid_empty_space_inner\"><\/span><\/div><style>.ld_blog_69e1486b20765 .liquid-blog-grid{margin-left:-45px;margin-right:-45px;}.ld_blog_69e1486b20765 .liquid-blog-grid > div{padding-left:45px;padding-right:45px;}.ld_blog_69e1486b20765 .liquid-blog-grid .liquid-lp{margin-bottom:60px;}.ld_blog_69e1486b20765 .filter-list{margin-bottom:px;}.ld_blog_69e1486b20765 .liquid-blog-item .liquid-lp-title,.ld_blog_69e1486b20765 .liquid-lp .liquid-lp-title{margin-top:px;margin-bottom:px;}<\/style><div data-filter-id=\"ld-1540373550291-c9a2a47c-1c58\" class=\"liquid-blog-posts ld_blog_69e1486b20765 ld-1540373550291-9b25b10b-a3f9 \" data-post-per-page=\"6\"><div class=\"liquid-blog-grid row\"><div class=\"col-md-6\"><article id=\"post-10874\" class=\"liquid-lp liquid-lp-time-aside post-10874 post type-post status-publish format-standard has-post-thumbnail hentry category-news\"><time class=\"entry-date published updated liquid-lp-date\" datetime=\"2026-03-29T10:09:32+02:00\"><span>29<\/span> Mar<\/time><header class=\"liquid-lp-header\">\n\t<h2 class=\"entry-title liquid-lp-title h5\"><a  href=\"https:\/\/apnu.be\/index.php\/2026\/03\/29\/mineraux-critiques-la-nouvelle-ruee-mondiale-qui-attise-rivalites-et-conflits\/\" rel=\"bookmark\">Min\u00e9raux critiques : la nouvelle ru\u00e9e mondiale qui attise rivalit\u00e9s et conflits<\/a><\/h2><\/header>\n\n\t\t\t<div class=\"liquid-lp-excerpt entry-summary \">\n\t\t\t\t<p>Dans les entrailles de la transition \u00e9nerg\u00e9tique se cache une autre bataille, plus<\/p>\n\t\t\t<\/div><!-- \/.latest-post-excerpt -->\n\t\t\n<footer class=\"liquid-lp-footer\">\n\n\t<div class=\"liquid-lp-meta\">\n\n\t\t<span class=\"author vcard\"><span class=\"screen-reader-text\">Author <\/span><a class=\"url fn n\" href=\"https:\/\/apnu.be\/index.php\/author\/admin\/\"><svg version=\"1.1\" xmlns=\"http:\/\/www.w3.org\/2000\/svg\" xmlns:xlink=\"http:\/\/www.w3.org\/1999\/xlink\" x=\"0px\" y=\"0px\" viewBox=\"0 0 24 24\" xml:space=\"preserve\" width=\"12\" stroke=\"#a7a9b8\">\n\t\t\t\t\t\t\t<path fill=\"none\" stroke-width=\"2\" stroke-linecap=\"square\" stroke-miterlimit=\"10\" d=\"M12,12L12,12 c-2.761,0-5-2.239-5-5V6c0-2.761,2.239-5,5-5h0c2.761,0,5,2.239,5,5v1C17,9.761,14.761,12,12,12z\" stroke-linejoin=\"miter\"><\/path>\n\t\t\t\t\t\t\t<path data-color=\"color-2\" fill=\"none\" stroke-width=\"2\" stroke-linecap=\"square\" stroke-miterlimit=\"10\" d=\"M22,20.908 c0-1.8-1.197-3.383-2.934-3.856C17.172,16.535,14.586,16,12,16s-5.172,0.535-7.066,1.052C3.197,17.525,2,19.108,2,20.908V23h20 V20.908z\" stroke-linejoin=\"miter\"><\/path>\n\t\t\t\t\t\t<\/svg>admin<\/a> <\/span>\t\t\n\t<\/div><!-- \/.liquid-lp-meta -->\n\n<\/footer><\/article><\/div><div class=\"col-md-6\"><article id=\"post-10803\" class=\"liquid-lp liquid-lp-time-aside post-10803 post type-post status-publish format-standard has-post-thumbnail hentry category-a-ne-pas-manquer\"><time class=\"entry-date published updated liquid-lp-date\" datetime=\"2026-03-14T17:54:57+01:00\"><span>14<\/span> Mar<\/time><header class=\"liquid-lp-header\">\n\t<h2 class=\"entry-title liquid-lp-title h5\"><a  href=\"https:\/\/apnu.be\/index.php\/2026\/03\/14\/le-festival-millenium-ouvre-ses-portes\/\" rel=\"bookmark\">LE FESTIVAL MILLENIUM OUVRE SES PORTES !\u00a0<\/a><\/h2><\/header>\n\n\t\t\t<div class=\"liquid-lp-excerpt entry-summary \">\n\t\t\t\t<p>Cette ann\u00e9e le Festival Millenium du film documentaire aura lieu du 26 mars<\/p>\n\t\t\t<\/div><!-- \/.latest-post-excerpt -->\n\t\t\n<footer class=\"liquid-lp-footer\">\n\n\t<div class=\"liquid-lp-meta\">\n\n\t\t<span class=\"author vcard\"><span class=\"screen-reader-text\">Author <\/span><a class=\"url fn n\" href=\"https:\/\/apnu.be\/index.php\/author\/admin\/\"><svg version=\"1.1\" xmlns=\"http:\/\/www.w3.org\/2000\/svg\" xmlns:xlink=\"http:\/\/www.w3.org\/1999\/xlink\" x=\"0px\" y=\"0px\" viewBox=\"0 0 24 24\" xml:space=\"preserve\" width=\"12\" stroke=\"#a7a9b8\">\n\t\t\t\t\t\t\t<path fill=\"none\" stroke-width=\"2\" stroke-linecap=\"square\" stroke-miterlimit=\"10\" d=\"M12,12L12,12 c-2.761,0-5-2.239-5-5V6c0-2.761,2.239-5,5-5h0c2.761,0,5,2.239,5,5v1C17,9.761,14.761,12,12,12z\" stroke-linejoin=\"miter\"><\/path>\n\t\t\t\t\t\t\t<path data-color=\"color-2\" fill=\"none\" stroke-width=\"2\" stroke-linecap=\"square\" stroke-miterlimit=\"10\" d=\"M22,20.908 c0-1.8-1.197-3.383-2.934-3.856C17.172,16.535,14.586,16,12,16s-5.172,0.535-7.066,1.052C3.197,17.525,2,19.108,2,20.908V23h20 V20.908z\" stroke-linejoin=\"miter\"><\/path>\n\t\t\t\t\t\t<\/svg>admin<\/a> <\/span>\t\t\n\t<\/div><!-- \/.liquid-lp-meta -->\n\n<\/footer><\/article><\/div><div class=\"col-md-6\"><article id=\"post-10786\" class=\"liquid-lp liquid-lp-time-aside post-10786 post type-post status-publish format-standard has-post-thumbnail hentry category-apnu-jeunes\"><time class=\"entry-date published updated liquid-lp-date\" datetime=\"2026-01-31T11:41:12+01:00\"><span>31<\/span> Jan<\/time><header class=\"liquid-lp-header\">\n\t<h2 class=\"entry-title liquid-lp-title h5\"><a  href=\"https:\/\/apnu.be\/index.php\/2026\/01\/31\/liban-quand-lonu-sinterroge-sur-lavenir-de-sa-presence-au-moyen-orient\/\" rel=\"bookmark\">Liban | Quand l\u2019ONU s\u2019interroge sur l\u2019avenir de sa pr\u00e9sence au Moyen-Orient<\/a><\/h2><\/header>\n\n\t\t\t<div class=\"liquid-lp-excerpt entry-summary \">\n\t\t\t\t<p>Par Gauthier van Outryve d\u2019Ydewalle, APNU Jeunes Le Liban est aujourd\u2019hui \u00e0 la<\/p>\n\t\t\t<\/div><!-- \/.latest-post-excerpt -->\n\t\t\n<footer class=\"liquid-lp-footer\">\n\n\t<div class=\"liquid-lp-meta\">\n\n\t\t<span class=\"author vcard\"><span class=\"screen-reader-text\">Author <\/span><a class=\"url fn n\" href=\"https:\/\/apnu.be\/index.php\/author\/admin\/\"><svg version=\"1.1\" xmlns=\"http:\/\/www.w3.org\/2000\/svg\" xmlns:xlink=\"http:\/\/www.w3.org\/1999\/xlink\" x=\"0px\" y=\"0px\" viewBox=\"0 0 24 24\" xml:space=\"preserve\" width=\"12\" stroke=\"#a7a9b8\">\n\t\t\t\t\t\t\t<path fill=\"none\" stroke-width=\"2\" stroke-linecap=\"square\" stroke-miterlimit=\"10\" d=\"M12,12L12,12 c-2.761,0-5-2.239-5-5V6c0-2.761,2.239-5,5-5h0c2.761,0,5,2.239,5,5v1C17,9.761,14.761,12,12,12z\" stroke-linejoin=\"miter\"><\/path>\n\t\t\t\t\t\t\t<path data-color=\"color-2\" fill=\"none\" stroke-width=\"2\" stroke-linecap=\"square\" stroke-miterlimit=\"10\" d=\"M22,20.908 c0-1.8-1.197-3.383-2.934-3.856C17.172,16.535,14.586,16,12,16s-5.172,0.535-7.066,1.052C3.197,17.525,2,19.108,2,20.908V23h20 V20.908z\" stroke-linejoin=\"miter\"><\/path>\n\t\t\t\t\t\t<\/svg>admin<\/a> <\/span>\t\t\n\t<\/div><!-- \/.liquid-lp-meta -->\n\n<\/footer><\/article><\/div><div class=\"col-md-6\"><article id=\"post-10776\" class=\"liquid-lp liquid-lp-time-aside post-10776 post type-post status-publish format-standard has-post-thumbnail hentry category-articles\"><time class=\"entry-date published updated liquid-lp-date\" datetime=\"2026-01-21T10:36:25+01:00\"><span>21<\/span> Jan<\/time><header class=\"liquid-lp-header\">\n\t<h2 class=\"entry-title liquid-lp-title h5\"><a  href=\"https:\/\/apnu.be\/index.php\/2026\/01\/21\/entree-en-vigueur-de-laccord-international-sur-la-biodiversite-en-haute-mer\/\" rel=\"bookmark\">Entr\u00e9e en vigueur de l&rsquo;Accord international sur la biodiversit\u00e9 en haute mer<\/a><\/h2><\/header>\n\n\t\t\t<div class=\"liquid-lp-excerpt entry-summary \">\n\t\t\t\t<p>Le 17 janvier 2026, l\u2019accord BBNJ (Biodiversity Beyond National Jurisdiction) est entr\u00e9 officiellement<\/p>\n\t\t\t<\/div><!-- \/.latest-post-excerpt -->\n\t\t\n<footer class=\"liquid-lp-footer\">\n\n\t<div class=\"liquid-lp-meta\">\n\n\t\t<span class=\"author vcard\"><span class=\"screen-reader-text\">Author <\/span><a class=\"url fn n\" href=\"https:\/\/apnu.be\/index.php\/author\/admin\/\"><svg version=\"1.1\" xmlns=\"http:\/\/www.w3.org\/2000\/svg\" xmlns:xlink=\"http:\/\/www.w3.org\/1999\/xlink\" x=\"0px\" y=\"0px\" viewBox=\"0 0 24 24\" xml:space=\"preserve\" width=\"12\" stroke=\"#a7a9b8\">\n\t\t\t\t\t\t\t<path fill=\"none\" stroke-width=\"2\" stroke-linecap=\"square\" stroke-miterlimit=\"10\" d=\"M12,12L12,12 c-2.761,0-5-2.239-5-5V6c0-2.761,2.239-5,5-5h0c2.761,0,5,2.239,5,5v1C17,9.761,14.761,12,12,12z\" stroke-linejoin=\"miter\"><\/path>\n\t\t\t\t\t\t\t<path data-color=\"color-2\" fill=\"none\" stroke-width=\"2\" stroke-linecap=\"square\" stroke-miterlimit=\"10\" d=\"M22,20.908 c0-1.8-1.197-3.383-2.934-3.856C17.172,16.535,14.586,16,12,16s-5.172,0.535-7.066,1.052C3.197,17.525,2,19.108,2,20.908V23h20 V20.908z\" stroke-linejoin=\"miter\"><\/path>\n\t\t\t\t\t\t<\/svg>admin<\/a> <\/span>\t\t\n\t<\/div><!-- \/.liquid-lp-meta -->\n\n<\/footer><\/article><\/div><div class=\"col-md-6\"><article id=\"post-10726\" class=\"liquid-lp liquid-lp-time-aside post-10726 post type-post status-publish format-standard hentry category-articles\"><time class=\"entry-date published updated liquid-lp-date\" datetime=\"2025-11-30T11:44:11+01:00\"><span>30<\/span> Nov<\/time><header class=\"liquid-lp-header\">\n\t<h2 class=\"entry-title liquid-lp-title h5\"><a  href=\"https:\/\/apnu.be\/index.php\/2025\/11\/30\/crise-financiere-des-agences-des-nations-unies-en-2025-causes-et-impacts\/\" rel=\"bookmark\">Crise financi\u00e8re des agences des Nations Unies en 2025 : causes et impacts\u00a0<\/a><\/h2><\/header>\n\n\t\t\t<div class=\"liquid-lp-excerpt entry-summary \">\n\t\t\t\t<p>En 2025, le syst\u00e8me des Nations Unies traverse une des pires crises financi\u00e8res<\/p>\n\t\t\t<\/div><!-- \/.latest-post-excerpt -->\n\t\t\n<footer class=\"liquid-lp-footer\">\n\n\t<div class=\"liquid-lp-meta\">\n\n\t\t<span class=\"author vcard\"><span class=\"screen-reader-text\">Author <\/span><a class=\"url fn n\" href=\"https:\/\/apnu.be\/index.php\/author\/admin\/\"><svg version=\"1.1\" xmlns=\"http:\/\/www.w3.org\/2000\/svg\" xmlns:xlink=\"http:\/\/www.w3.org\/1999\/xlink\" x=\"0px\" y=\"0px\" viewBox=\"0 0 24 24\" xml:space=\"preserve\" width=\"12\" stroke=\"#a7a9b8\">\n\t\t\t\t\t\t\t<path fill=\"none\" stroke-width=\"2\" stroke-linecap=\"square\" stroke-miterlimit=\"10\" d=\"M12,12L12,12 c-2.761,0-5-2.239-5-5V6c0-2.761,2.239-5,5-5h0c2.761,0,5,2.239,5,5v1C17,9.761,14.761,12,12,12z\" stroke-linejoin=\"miter\"><\/path>\n\t\t\t\t\t\t\t<path data-color=\"color-2\" fill=\"none\" stroke-width=\"2\" stroke-linecap=\"square\" stroke-miterlimit=\"10\" d=\"M22,20.908 c0-1.8-1.197-3.383-2.934-3.856C17.172,16.535,14.586,16,12,16s-5.172,0.535-7.066,1.052C3.197,17.525,2,19.108,2,20.908V23h20 V20.908z\" stroke-linejoin=\"miter\"><\/path>\n\t\t\t\t\t\t<\/svg>admin<\/a> <\/span>\t\t\n\t<\/div><!-- \/.liquid-lp-meta -->\n\n<\/footer><\/article><\/div><div class=\"col-md-6\"><article id=\"post-10678\" class=\"liquid-lp liquid-lp-time-aside post-10678 post type-post status-publish format-standard has-post-thumbnail hentry category-news\"><time class=\"entry-date published updated liquid-lp-date\" datetime=\"2025-11-20T12:40:48+01:00\"><span>20<\/span> Nov<\/time><header class=\"liquid-lp-header\">\n\t<h2 class=\"entry-title liquid-lp-title h5\"><a  href=\"https:\/\/apnu.be\/index.php\/2025\/11\/20\/le-conseil-de-securite-autorise-la-creation-dune-force-internationale-a-gaza\/\" rel=\"bookmark\">Le Conseil de s\u00e9curit\u00e9 autorise la cr\u00e9ation d&rsquo;une force internationale \u00e0 Gaza<\/a><\/h2><\/header>\n\n\t\t\t<div class=\"liquid-lp-excerpt entry-summary \">\n\t\t\t\t<p>Le Conseil de s\u00e9curit\u00e9 a adopt\u00e9 ce 17 novembre 2025 une r\u00e9solution autorisant<\/p>\n\t\t\t<\/div><!-- \/.latest-post-excerpt -->\n\t\t\n<footer class=\"liquid-lp-footer\">\n\n\t<div class=\"liquid-lp-meta\">\n\n\t\t<span class=\"author vcard\"><span class=\"screen-reader-text\">Author <\/span><a class=\"url fn n\" href=\"https:\/\/apnu.be\/index.php\/author\/admin\/\"><svg version=\"1.1\" xmlns=\"http:\/\/www.w3.org\/2000\/svg\" xmlns:xlink=\"http:\/\/www.w3.org\/1999\/xlink\" x=\"0px\" y=\"0px\" viewBox=\"0 0 24 24\" xml:space=\"preserve\" width=\"12\" stroke=\"#a7a9b8\">\n\t\t\t\t\t\t\t<path fill=\"none\" stroke-width=\"2\" stroke-linecap=\"square\" stroke-miterlimit=\"10\" d=\"M12,12L12,12 c-2.761,0-5-2.239-5-5V6c0-2.761,2.239-5,5-5h0c2.761,0,5,2.239,5,5v1C17,9.761,14.761,12,12,12z\" stroke-linejoin=\"miter\"><\/path>\n\t\t\t\t\t\t\t<path data-color=\"color-2\" fill=\"none\" stroke-width=\"2\" stroke-linecap=\"square\" stroke-miterlimit=\"10\" d=\"M22,20.908 c0-1.8-1.197-3.383-2.934-3.856C17.172,16.535,14.586,16,12,16s-5.172,0.535-7.066,1.052C3.197,17.525,2,19.108,2,20.908V23h20 V20.908z\" stroke-linejoin=\"miter\"><\/path>\n\t\t\t\t\t\t<\/svg>admin<\/a> <\/span>\t\t\n\t<\/div><!-- \/.liquid-lp-meta -->\n\n<\/footer><\/article><\/div><\/div><!--\/ .row --><\/div><!--\/ .liquid-blog-posts -->[\/vc_column][\/vc_row]\t\t<\/p>\n<\/div>","protected":false},"excerpt":{"rendered":"<p>[vc_row][vc_column][\/vc_column][\/vc_row]<\/p>\n","protected":false},"author":1,"featured_media":0,"parent":0,"menu_order":0,"comment_status":"closed","ping_status":"closed","template":"","meta":{"footnotes":""},"class_list":["post-5624","page","type-page","status-publish","hentry"],"yoast_head":"<!-- This site is optimized with the Yoast SEO plugin v27.4 - https:\/\/yoast.com\/product\/yoast-seo-wordpress\/ -->\n<title>Date - APNU<\/title>\n<meta name=\"robots\" content=\"index, follow, max-snippet:-1, max-image-preview:large, max-video-preview:-1\" \/>\n<link rel=\"canonical\" href=\"https:\/\/apnu.be\/index.php\/date\/\" \/>\n<meta property=\"og:locale\" content=\"fr_FR\" \/>\n<meta property=\"og:type\" content=\"article\" \/>\n<meta property=\"og:title\" content=\"Date - APNU\" \/>\n<meta property=\"og:description\" content=\"[vc_row][vc_column][\/vc_column][\/vc_row]\" \/>\n<meta property=\"og:url\" content=\"https:\/\/apnu.be\/index.php\/date\/\" \/>\n<meta property=\"og:site_name\" content=\"APNU\" \/>\n<meta name=\"twitter:card\" content=\"summary_large_image\" \/>\n<meta name=\"twitter:label1\" content=\"Dur\u00e9e de lecture estim\u00e9e\" \/>\n\t<meta name=\"twitter:data1\" content=\"1 minute\" \/>\n<script type=\"application\/ld+json\" class=\"yoast-schema-graph\">{\"@context\":\"https:\\\/\\\/schema.org\",\"@graph\":[{\"@type\":\"WebPage\",\"@id\":\"https:\\\/\\\/apnu.be\\\/index.php\\\/date\\\/\",\"url\":\"https:\\\/\\\/apnu.be\\\/index.php\\\/date\\\/\",\"name\":\"Date - APNU\",\"isPartOf\":{\"@id\":\"https:\\\/\\\/apnu.be\\\/#website\"},\"datePublished\":\"2018-10-24T09:37:20+00:00\",\"breadcrumb\":{\"@id\":\"https:\\\/\\\/apnu.be\\\/index.php\\\/date\\\/#breadcrumb\"},\"inLanguage\":\"fr-FR\",\"potentialAction\":[{\"@type\":\"ReadAction\",\"target\":[\"https:\\\/\\\/apnu.be\\\/index.php\\\/date\\\/\"]}]},{\"@type\":\"BreadcrumbList\",\"@id\":\"https:\\\/\\\/apnu.be\\\/index.php\\\/date\\\/#breadcrumb\",\"itemListElement\":[{\"@type\":\"ListItem\",\"position\":1,\"name\":\"Accueil\",\"item\":\"https:\\\/\\\/apnu.be\\\/\"},{\"@type\":\"ListItem\",\"position\":2,\"name\":\"Date\"}]},{\"@type\":\"WebSite\",\"@id\":\"https:\\\/\\\/apnu.be\\\/#website\",\"url\":\"https:\\\/\\\/apnu.be\\\/\",\"name\":\"APNU\",\"description\":\"L\u2019Association pour les Nations Unies (A.P.N.U.). Association sans but lucratif (A.S.B.L.)\",\"potentialAction\":[{\"@type\":\"SearchAction\",\"target\":{\"@type\":\"EntryPoint\",\"urlTemplate\":\"https:\\\/\\\/apnu.be\\\/?s={search_term_string}\"},\"query-input\":{\"@type\":\"PropertyValueSpecification\",\"valueRequired\":true,\"valueName\":\"search_term_string\"}}],\"inLanguage\":\"fr-FR\"}]}<\/script>\n<!-- \/ Yoast SEO plugin. -->","yoast_head_json":{"title":"Date - APNU","robots":{"index":"index","follow":"follow","max-snippet":"max-snippet:-1","max-image-preview":"max-image-preview:large","max-video-preview":"max-video-preview:-1"},"canonical":"https:\/\/apnu.be\/index.php\/date\/","og_locale":"fr_FR","og_type":"article","og_title":"Date - APNU","og_description":"[vc_row][vc_column][\/vc_column][\/vc_row]","og_url":"https:\/\/apnu.be\/index.php\/date\/","og_site_name":"APNU","twitter_card":"summary_large_image","twitter_misc":{"Dur\u00e9e de lecture estim\u00e9e":"1 minute"},"schema":{"@context":"https:\/\/schema.org","@graph":[{"@type":"WebPage","@id":"https:\/\/apnu.be\/index.php\/date\/","url":"https:\/\/apnu.be\/index.php\/date\/","name":"Date - APNU","isPartOf":{"@id":"https:\/\/apnu.be\/#website"},"datePublished":"2018-10-24T09:37:20+00:00","breadcrumb":{"@id":"https:\/\/apnu.be\/index.php\/date\/#breadcrumb"},"inLanguage":"fr-FR","potentialAction":[{"@type":"ReadAction","target":["https:\/\/apnu.be\/index.php\/date\/"]}]},{"@type":"BreadcrumbList","@id":"https:\/\/apnu.be\/index.php\/date\/#breadcrumb","itemListElement":[{"@type":"ListItem","position":1,"name":"Accueil","item":"https:\/\/apnu.be\/"},{"@type":"ListItem","position":2,"name":"Date"}]},{"@type":"WebSite","@id":"https:\/\/apnu.be\/#website","url":"https:\/\/apnu.be\/","name":"APNU","description":"L\u2019Association pour les Nations Unies (A.P.N.U.). Association sans but lucratif (A.S.B.L.)","potentialAction":[{"@type":"SearchAction","target":{"@type":"EntryPoint","urlTemplate":"https:\/\/apnu.be\/?s={search_term_string}"},"query-input":{"@type":"PropertyValueSpecification","valueRequired":true,"valueName":"search_term_string"}}],"inLanguage":"fr-FR"}]}},"jetpack_sharing_enabled":true,"_links":{"self":[{"href":"https:\/\/apnu.be\/index.php\/wp-json\/wp\/v2\/pages\/5624","targetHints":{"allow":["GET"]}}],"collection":[{"href":"https:\/\/apnu.be\/index.php\/wp-json\/wp\/v2\/pages"}],"about":[{"href":"https:\/\/apnu.be\/index.php\/wp-json\/wp\/v2\/types\/page"}],"author":[{"embeddable":true,"href":"https:\/\/apnu.be\/index.php\/wp-json\/wp\/v2\/users\/1"}],"replies":[{"embeddable":true,"href":"https:\/\/apnu.be\/index.php\/wp-json\/wp\/v2\/comments?post=5624"}],"version-history":[{"count":0,"href":"https:\/\/apnu.be\/index.php\/wp-json\/wp\/v2\/pages\/5624\/revisions"}],"wp:attachment":[{"href":"https:\/\/apnu.be\/index.php\/wp-json\/wp\/v2\/media?parent=5624"}],"curies":[{"name":"wp","href":"https:\/\/api.w.org\/{rel}","templated":true}]}}