{"id":562,"date":"2018-07-26T07:44:58","date_gmt":"2018-07-26T05:44:58","guid":{"rendered":"http:\/\/original.liquid-themes.com\/?page_id=562"},"modified":"2020-04-07T08:07:19","modified_gmt":"2020-04-07T06:07:19","slug":"galery","status":"publish","type":"page","link":"https:\/\/apnu.be\/index.php\/archives\/galery\/","title":{"rendered":"Galerie Photo"},"content":{"rendered":"<div class=\"wpb-content-wrapper\"><p>[vc_row bg_position=\u00a0\u00bbright top\u00a0\u00bb css=\u00a0\u00bb.vc_custom_1546536033763{padding-top: 50px !important;padding-bottom: 50px !important;background-position: center !important;background-repeat: no-repeat !important;background-size: cover !important;}\u00a0\u00bb responsive_css=\u00a0\u00bbpadding_top_medium:90px|padding_bottom_medium:100px\u00a0\u00bb][vc_column responsive_css=\u00a0\u00bbpadding_right_medium:7%25|padding_left_medium:7%25&Prime; offset=\u00a0\u00bbvc_col-md-offset-3 vc_col-md-6&Prime;]<style>.ld_fancy_heading_69d56401db4a7 h2 {margin-bottom:0.75em !important;  } .ld_fancy_heading_69d56401db4a7 .lqd-highlight-inner{height:0.275em;bottom:0px;}.ld_fancy_heading_69d56401db4a7 h2 {margin-bottom:0.75em !important;  } <\/style><div class=\"ld-fancy-heading text-center ld_fancy_heading_69d56401db4a7\">\n\t<h2 class=\"lqd-highlight-underline lqd-highlight-grow-left\" ><span class=\"ld-fh-txt\"> Photos de nos \u00e9v\u00e8nements.<\/p>\n<p><\/span><\/h2><\/div><style>.ld_fancy_heading_69d56401db83e h6{font-size:17px;line-height:1.7em;letter-spacing:0.01em;color:rgb(129, 129, 129);}.ld_fancy_heading_69d56401db83e h6 {margin-bottom:0.75em !important;  } .ld_fancy_heading_69d56401db83e .lqd-highlight-inner{height:0.275em;bottom:0px;}.ld_fancy_heading_69d56401db83e h6 {margin-bottom:0.75em !important;  } <\/style><div class=\"ld-fancy-heading text-center ld_fancy_heading_69d56401db83e\">\n\t<h6 class=\"lqd-highlight-underline lqd-highlight-grow-left\" ><span class=\"ld-fh-txt\"> Vous trouverez ci-dessous des clich\u00e9s captur\u00e9s lors de nos diff\u00e9rentes activit\u00e9s, conf\u00e9rences et autres \u00e9v\u00e8nements.<\/p>\n<p><\/span><\/h6><\/div><style>.ld_spacer_69d56401db8fc{height:55px;}<\/style>\n<div class=\"ld-empty-space ld_spacer_69d56401db8fc\"><span class=\"liquid_empty_space_inner\"><\/span><\/div>[\/vc_column][\/vc_row][vc_row][vc_column]<style>.ld_blog_69d56401dba5e .liquid-blog-grid{margin-left:-15px;margin-right:-15px;}.ld_blog_69d56401dba5e .liquid-blog-grid > div{padding-left:15px;padding-right:15px;}.ld_blog_69d56401dba5e .liquid-blog-grid .liquid-lp{margin-bottom:30px;}.ld_blog_69d56401dba5e .filter-list{margin-bottom:px;}.ld_blog_69d56401dba5e .liquid-blog-item .liquid-lp-title,.ld_blog_69d56401dba5e .liquid-lp .liquid-lp-title{margin-top:px;margin-bottom:px;}<\/style><div data-filter-id=\"1586222508441-ae3638d1-f77c\" class=\"liquid-blog-posts ld_blog_69d56401dba5e 1586222508442-2063ae46-8112 \" data-post-per-page=\"100\"><div class=\"liquid-blog-grid liquid-blog-style-timeline row\" data-liquid-masonry=\"true\"><div class=\"col-md-6 masonry-item\"><article id=\"post-8522\" class=\"liquid-lp liquid-blog-item liquid-blog-item-timeline liquid-blog-scheme-dark liquid-blog-scheme-dark-alt post-8522 post type-post status-publish format-standard has-post-thumbnail hentry category-gallerie-photo\"><div class=\"liquid-lp-details\">\t\n\t\t<time class=\"published updated liquid-lp-date\" datetime=\"2020-04-07T07:09:33+02:00\">7 avril 2020<\/time><\/div><!-- \/.liquid-lp-details -->\n\n<figure class=\"liquid-lp-media \"  data-responsive-bg=\"true\" data-parallax=\"true\" data-parallax-options='{ \"parallaxBG\": true }'><a  href=\"https:\/\/apnu.be\/index.php\/2020\/04\/07\/galerie-photo-modele\/\"><img loading=\"lazy\" decoding=\"async\" width=\"490\" height=\"300\" src=\"data:image\/svg+xml;charset=utf-8,&lt;svg xmlns%3D&#039;http%3A%2F%2Fwww.w3.org%2F2000%2Fsvg&#039; viewBox%3D&#039;0 0  &#039;%2F&gt;\" class=\"attachment-liquid-timeline-blog size-liquid-timeline-blog ld-lazyload wp-post-image\" alt=\"\" data-src=\"https:\/\/apnu.be\/wp-content\/uploads\/2019\/10\/68_Per\u00edodo_de_Sesiones_de_la_Asamblea_General_de_la_ONU_9901271506-490x300.jpg\" data-aspect=\"\" srcset=\"\" \/><\/a><\/figure>\n<a href=\"https:\/\/apnu.be\/index.php\/2020\/04\/07\/galerie-photo-modele\/\" class=\"liquid-overlay-link\">Galerie photos<\/a>\n\n<header class=\"liquid-lp-header\">\n\t<h2 class=\"entry-title liquid-lp-title font-weight-bold h3 size-sm\"><a  href=\"https:\/\/apnu.be\/index.php\/2020\/04\/07\/galerie-photo-modele\/\" rel=\"bookmark\">Galerie photos<\/a><\/h2><\/header>\n\n\t\t\t<div class=\"liquid-lp-excerpt entry-summary \">\n\t\t\t\t<p>[vc_row][vc_column][\/vc_column][\/vc_row][vc_row][vc_column][vc_column_text] [\/vc_column_text][\/vc_column][\/vc_row]<\/p>\n\t\t\t<\/div><!-- \/.latest-post-excerpt -->\n\t\t\n<footer class=\"liquid-lp-footer\">\n\t<a href=\"https:\/\/apnu.be\/index.php\/2020\/04\/07\/galerie-photo-modele\/\" class=\"btn btn-naked text-uppercase ltr-sp-1 size-sm font-weight-bold liquid-lp-read-more\">\n\t\t<span>\n\t\t\t<span class=\"btn-line btn-line-before\"><\/span>\n\t\t\t<span class=\"btn-txt\">Continue Reading<\/span>\n\t\t\t<span class=\"btn-line btn-line-after\"><\/span>\n\t\t<\/span>\n\t<\/a>\n<\/footer><\/article><\/div><\/div><!--\/ .row --><\/div><!--\/ .liquid-blog-posts --><style>.ld_spacer_69d56401e424a{height:50px;}<\/style>\n<div class=\"ld-empty-space ld_spacer_69d56401e424a\"><span class=\"liquid_empty_space_inner\"><\/span><\/div>[\/vc_column][\/vc_row][vc_row][vc_column][vc_column_text]<\/p>\n<p>[\/vc_column_text][\/vc_column][\/vc_row][vc_row][vc_column][vc_column_text]<\/p>\n<div id=\"ConnectiveDocSignExtentionInstalled\" data-extension-version=\"1.0.4\"><\/div>\n<p>&nbsp;<\/p>\n<div id=\"ConnectiveDocSignExtentionInstalled\" data-extension-version=\"1.0.4\"><\/div>\n<p>[\/vc_column_text][\/vc_column][\/vc_row]<\/p>\n<\/div>","protected":false},"excerpt":{"rendered":"<p>[vc_row bg_position=\u00a0\u00bbright top\u00a0\u00bb css=\u00a0\u00bb.vc_custom_1546536033763{padding-top: 50px !important;padding-bottom: 50px !important;background-position: center !important;background-repeat: no-repeat !important;background-size: cover !important;}\u00a0\u00bb responsive_css=\u00a0\u00bbpadding_top_medium:90px|padding_bottom_medium:100px\u00a0\u00bb][vc_column&#8230;<\/p>\n","protected":false},"author":1,"featured_media":0,"parent":8470,"menu_order":0,"comment_status":"closed","ping_status":"closed","template":"","meta":{"footnotes":""},"class_list":["post-562","page","type-page","status-publish","hentry"],"yoast_head":"<!-- This site is optimized with the Yoast SEO plugin v27.3 - https:\/\/yoast.com\/product\/yoast-seo-wordpress\/ -->\n<title>Galerie Photo - APNU<\/title>\n<meta name=\"robots\" content=\"index, follow, max-snippet:-1, max-image-preview:large, max-video-preview:-1\" \/>\n<link rel=\"canonical\" href=\"https:\/\/apnu.be\/index.php\/archives\/galery\/\" \/>\n<meta property=\"og:locale\" content=\"fr_FR\" \/>\n<meta property=\"og:type\" content=\"article\" \/>\n<meta property=\"og:title\" content=\"Galerie Photo - APNU\" \/>\n<meta property=\"og:description\" content=\"[vc_row bg_position=\u00a0\u00bbright top\u00a0\u00bb css=\u00a0\u00bb.vc_custom_1546536033763{padding-top: 50px !important;padding-bottom: 50px !important;background-position: center !important;background-repeat: no-repeat !important;background-size: cover !important;}\u00a0\u00bb responsive_css=\u00a0\u00bbpadding_top_medium:90px|padding_bottom_medium:100px\u00a0\u00bb][vc_column...\" \/>\n<meta property=\"og:url\" content=\"https:\/\/apnu.be\/index.php\/archives\/galery\/\" \/>\n<meta property=\"og:site_name\" content=\"APNU\" \/>\n<meta property=\"article:modified_time\" content=\"2020-04-07T06:07:19+00:00\" \/>\n<meta name=\"twitter:card\" content=\"summary_large_image\" \/>\n<meta name=\"twitter:label1\" content=\"Dur\u00e9e de lecture estim\u00e9e\" \/>\n\t<meta name=\"twitter:data1\" content=\"1 minute\" \/>\n<script type=\"application\/ld+json\" class=\"yoast-schema-graph\">{\"@context\":\"https:\\\/\\\/schema.org\",\"@graph\":[{\"@type\":\"WebPage\",\"@id\":\"https:\\\/\\\/apnu.be\\\/index.php\\\/archives\\\/galery\\\/\",\"url\":\"https:\\\/\\\/apnu.be\\\/index.php\\\/archives\\\/galery\\\/\",\"name\":\"Galerie Photo - APNU\",\"isPartOf\":{\"@id\":\"https:\\\/\\\/apnu.be\\\/#website\"},\"datePublished\":\"2018-07-26T05:44:58+00:00\",\"dateModified\":\"2020-04-07T06:07:19+00:00\",\"breadcrumb\":{\"@id\":\"https:\\\/\\\/apnu.be\\\/index.php\\\/archives\\\/galery\\\/#breadcrumb\"},\"inLanguage\":\"fr-FR\",\"potentialAction\":[{\"@type\":\"ReadAction\",\"target\":[\"https:\\\/\\\/apnu.be\\\/index.php\\\/archives\\\/galery\\\/\"]}]},{\"@type\":\"BreadcrumbList\",\"@id\":\"https:\\\/\\\/apnu.be\\\/index.php\\\/archives\\\/galery\\\/#breadcrumb\",\"itemListElement\":[{\"@type\":\"ListItem\",\"position\":1,\"name\":\"Accueil\",\"item\":\"https:\\\/\\\/apnu.be\\\/\"},{\"@type\":\"ListItem\",\"position\":2,\"name\":\"Archives\",\"item\":\"https:\\\/\\\/apnu.be\\\/index.php\\\/archives\\\/\"},{\"@type\":\"ListItem\",\"position\":3,\"name\":\"Galerie Photo\"}]},{\"@type\":\"WebSite\",\"@id\":\"https:\\\/\\\/apnu.be\\\/#website\",\"url\":\"https:\\\/\\\/apnu.be\\\/\",\"name\":\"APNU\",\"description\":\"L\u2019Association pour les Nations Unies (A.P.N.U.). Association sans but lucratif (A.S.B.L.)\",\"potentialAction\":[{\"@type\":\"SearchAction\",\"target\":{\"@type\":\"EntryPoint\",\"urlTemplate\":\"https:\\\/\\\/apnu.be\\\/?s={search_term_string}\"},\"query-input\":{\"@type\":\"PropertyValueSpecification\",\"valueRequired\":true,\"valueName\":\"search_term_string\"}}],\"inLanguage\":\"fr-FR\"}]}<\/script>\n<!-- \/ Yoast SEO plugin. -->","yoast_head_json":{"title":"Galerie Photo - APNU","robots":{"index":"index","follow":"follow","max-snippet":"max-snippet:-1","max-image-preview":"max-image-preview:large","max-video-preview":"max-video-preview:-1"},"canonical":"https:\/\/apnu.be\/index.php\/archives\/galery\/","og_locale":"fr_FR","og_type":"article","og_title":"Galerie Photo - APNU","og_description":"[vc_row bg_position=\u00a0\u00bbright top\u00a0\u00bb css=\u00a0\u00bb.vc_custom_1546536033763{padding-top: 50px !important;padding-bottom: 50px !important;background-position: center !important;background-repeat: no-repeat !important;background-size: cover !important;}\u00a0\u00bb responsive_css=\u00a0\u00bbpadding_top_medium:90px|padding_bottom_medium:100px\u00a0\u00bb][vc_column...","og_url":"https:\/\/apnu.be\/index.php\/archives\/galery\/","og_site_name":"APNU","article_modified_time":"2020-04-07T06:07:19+00:00","twitter_card":"summary_large_image","twitter_misc":{"Dur\u00e9e de lecture estim\u00e9e":"1 minute"},"schema":{"@context":"https:\/\/schema.org","@graph":[{"@type":"WebPage","@id":"https:\/\/apnu.be\/index.php\/archives\/galery\/","url":"https:\/\/apnu.be\/index.php\/archives\/galery\/","name":"Galerie Photo - APNU","isPartOf":{"@id":"https:\/\/apnu.be\/#website"},"datePublished":"2018-07-26T05:44:58+00:00","dateModified":"2020-04-07T06:07:19+00:00","breadcrumb":{"@id":"https:\/\/apnu.be\/index.php\/archives\/galery\/#breadcrumb"},"inLanguage":"fr-FR","potentialAction":[{"@type":"ReadAction","target":["https:\/\/apnu.be\/index.php\/archives\/galery\/"]}]},{"@type":"BreadcrumbList","@id":"https:\/\/apnu.be\/index.php\/archives\/galery\/#breadcrumb","itemListElement":[{"@type":"ListItem","position":1,"name":"Accueil","item":"https:\/\/apnu.be\/"},{"@type":"ListItem","position":2,"name":"Archives","item":"https:\/\/apnu.be\/index.php\/archives\/"},{"@type":"ListItem","position":3,"name":"Galerie Photo"}]},{"@type":"WebSite","@id":"https:\/\/apnu.be\/#website","url":"https:\/\/apnu.be\/","name":"APNU","description":"L\u2019Association pour les Nations Unies (A.P.N.U.). Association sans but lucratif (A.S.B.L.)","potentialAction":[{"@type":"SearchAction","target":{"@type":"EntryPoint","urlTemplate":"https:\/\/apnu.be\/?s={search_term_string}"},"query-input":{"@type":"PropertyValueSpecification","valueRequired":true,"valueName":"search_term_string"}}],"inLanguage":"fr-FR"}]}},"jetpack_sharing_enabled":true,"_links":{"self":[{"href":"https:\/\/apnu.be\/index.php\/wp-json\/wp\/v2\/pages\/562","targetHints":{"allow":["GET"]}}],"collection":[{"href":"https:\/\/apnu.be\/index.php\/wp-json\/wp\/v2\/pages"}],"about":[{"href":"https:\/\/apnu.be\/index.php\/wp-json\/wp\/v2\/types\/page"}],"author":[{"embeddable":true,"href":"https:\/\/apnu.be\/index.php\/wp-json\/wp\/v2\/users\/1"}],"replies":[{"embeddable":true,"href":"https:\/\/apnu.be\/index.php\/wp-json\/wp\/v2\/comments?post=562"}],"version-history":[{"count":19,"href":"https:\/\/apnu.be\/index.php\/wp-json\/wp\/v2\/pages\/562\/revisions"}],"predecessor-version":[{"id":8531,"href":"https:\/\/apnu.be\/index.php\/wp-json\/wp\/v2\/pages\/562\/revisions\/8531"}],"up":[{"embeddable":true,"href":"https:\/\/apnu.be\/index.php\/wp-json\/wp\/v2\/pages\/8470"}],"wp:attachment":[{"href":"https:\/\/apnu.be\/index.php\/wp-json\/wp\/v2\/media?parent=562"}],"curies":[{"name":"wp","href":"https:\/\/api.w.org\/{rel}","templated":true}]}}